{"id":31,"date":"2017-08-09T11:49:01","date_gmt":"2017-08-09T14:49:01","guid":{"rendered":"http:\/\/www.edextintores.com.br\/site\/?page_id=31"},"modified":"2025-03-17T09:40:56","modified_gmt":"2025-03-17T12:40:56","slug":"extintor-de-incendio-em-santos","status":"publish","type":"page","link":"https:\/\/www.edextintores.com.br\/site\/extintor-de-incendio-em-santos\/","title":{"rendered":"Dicas"},"content":{"rendered":"<p><div  class=\"fusion-fullwidth fullwidth-box fusion-parallax-none nonhundred-percent-fullwidth\"  style='background-color: #1d1d1d;background-image: url(\"http:\/\/www.edextintores.com.br\/site\/wp-content\/uploads\/2017\/08\/Extintores-em-Santos-Title-BG.jpg\");background-position: center center;background-repeat: no-repeat;padding-top:64px;padding-bottom:80px;-webkit-background-size:cover;-moz-background-size:cover;-o-background-size:cover;background-size:cover;background-attachment:none;'><div class=\"fusion-builder-row fusion-row \"><div  class=\"fusion-layout-column fusion_builder_column fusion_builder_column_1_1  fusion-one-full fusion-column-first fusion-column-last 1_1\"  style='margin-top:0px;margin-bottom:20px;'>\n\t\t\t\t\t<div class=\"fusion-column-wrapper\" style=\"background-position:left top;background-repeat:no-repeat;-webkit-background-size:cover;-moz-background-size:cover;-o-background-size:cover;background-size:cover;\"  data-bg-url=\"\">\n\t\t\t\t\t\t<h1 style=\"text-align: center;\">DICAS<\/h1>\n<div class=\"fusion-sep-clear\"><\/div><div class=\"fusion-separator sep-single sep-solid\" style=\"border-color:#ed3237;border-top-width:3px;margin-left: auto;margin-right: auto;margin-top:0px;margin-bottom:0px;width:100%;max-width:60px;\"><\/div><div class=\"fusion-clearfix\"><\/div>\n\n\t\t\t\t\t<\/div>\n\t\t\t\t<\/div><\/div><\/div><div  class=\"fusion-fullwidth fullwidth-box nonhundred-percent-fullwidth\"  style='background-color: #2d2d2d;background-position: center center;background-repeat: no-repeat;padding-top:36px;padding-bottom:60px;'><div class=\"fusion-builder-row fusion-row \"><div  class=\"fusion-layout-column fusion_builder_column fusion_builder_column_1_1  fusion-one-full fusion-column-first fusion-column-last 1_1\"  style='margin-top:0px;margin-bottom:20px;'>\n\t\t\t\t\t<div class=\"fusion-column-wrapper\" style=\"background-position:left top;background-repeat:no-repeat;-webkit-background-size:cover;-moz-background-size:cover;-o-background-size:cover;background-size:cover;\"  data-bg-url=\"\">\n\t\t\t\t\t\t<h6 style=\"color: #2d2d2d; font-size: 3px;\">Extintor de Inc\u00eandio em Santos | E.D. Extintores<\/h6>\n<p><span style=\"color: #2d2d2d; font-size: 3px;\">Extintor de Inc\u00eandio em Santos | E.D. Extintores<\/span><\/p>\n<p style=\"text-align: justify;\">Inc\u00eandios s\u00e3o uma das principais causas de destrui\u00e7\u00e3o de ind\u00fastrias, galp\u00f5es e resid\u00eancias. Eles podem acontecer a qualquer momento e os bombeiros devem ser acionados assim que o primeiro foco for detectado. No entanto, alguns ocorrem por falta de cuidados e poderiam ser evitados se seguidas algumas regras b\u00e1sicas de preven\u00e7\u00e3o. Lembre-se que a responsabilidade de evitar inc\u00eandios n\u00e3o cabe somente aos bombeiros, mas sim a todo cidad\u00e3o ciente de seus deveres.<\/p>\n<div class=\"fusion-sep-clear\"><\/div><div class=\"fusion-separator fusion-full-width-sep sep-none\" style=\"margin-left: auto;margin-right: auto;margin-top:7px;\"><\/div><div class=\"fusion-clearfix\"><\/div>\n\n\t\t\t\t\t<\/div>\n\t\t\t\t<\/div><div  class=\"fusion-layout-column fusion_builder_column fusion_builder_column_1_1  fusion-one-full fusion-column-first fusion-column-last 1_1\"  style='margin-top:0px;margin-bottom:20px;'>\n\t\t\t\t\t<div class=\"fusion-column-wrapper\" style=\"background-position:left top;background-repeat:no-repeat;-webkit-background-size:cover;-moz-background-size:cover;-o-background-size:cover;background-size:cover;\"  data-bg-url=\"\">\n\t\t\t\t\t\t<div class=\"fusion-blog-shortcode fusion-blog-shortcode-1 fusion-blog-archive fusion-blog-layout-grid-wrapper fusion-blog-pagination\"><style type=\"text\/css\">.fusion-blog-shortcode-1 .fusion-blog-layout-grid .fusion-post-grid{padding:20px;}.fusion-blog-shortcode-1 .fusion-posts-container{margin-left: -20px !important; margin-right:-20px !important;}<\/style><div class=\"fusion-posts-container fusion-posts-container-pagination fusion-blog-layout-grid fusion-blog-layout-grid-2 isotope\" data-pages=\"1\" data-grid-col-space=\"40\" style=\"margin: -20px -20px 0;height:500px;\"><article id=\"post-102\" class=\"fusion-post-grid post-102 post type-post status-publish format-standard has-post-thumbnail hentry category-dicas\">\n<div class=\"fusion-post-wrapper\">\n\n\t<div class=\"fusion-flexslider flexslider fusion-flexslider-loading fusion-post-slideshow\">\n\t\t<ul class=\"slides\">\n\t\t\t\n\t\t\t\t\t\t\t\t\t\t\t\t\t\t\t\t\t\t<li>\n<div class=\"fusion-image-wrapper\" aria-haspopup=\"true\">\n\t\n\t\n\t\t\n\t\t\t\t\t<img loading=\"lazy\" decoding=\"async\" width=\"800\" height=\"600\" src=\"https:\/\/www.edextintores.com.br\/site\/wp-content\/uploads\/2017\/08\/Extintores-em-Santos-Prevencao-Contra-Incendio-600x450.jpg\" class=\"attachment-full size-full wp-post-image\" alt=\"\" srcset=\"https:\/\/www.edextintores.com.br\/site\/wp-content\/uploads\/2017\/08\/Extintores-em-Santos-Prevencao-Contra-Incendio-200x150.jpg 200w, https:\/\/www.edextintores.com.br\/site\/wp-content\/uploads\/2017\/08\/Extintores-em-Santos-Prevencao-Contra-Incendio-400x300.jpg 400w, https:\/\/www.edextintores.com.br\/site\/wp-content\/uploads\/2017\/08\/Extintores-em-Santos-Prevencao-Contra-Incendio-600x450.jpg 600w, https:\/\/www.edextintores.com.br\/site\/wp-content\/uploads\/2017\/08\/Extintores-em-Santos-Prevencao-Contra-Incendio.jpg 800w\" sizes=\"auto, (min-width: 712px) 530px, (min-width: 640px) 712px, 100vw\" \/>\n\t\n\n<div class=\"fusion-rollover\">\n\t<div class=\"fusion-rollover-content\">\n\n\t\t\t\t\t\t\t\t\t\t\t\t\t\t\t\t\t\t<a class=\"fusion-rollover-link\" href=\"https:\/\/www.edextintores.com.br\/site\/prevencao-contra-incendio\/\">Preven\u00e7\u00e3o Contra Inc\u00eandio<\/a>\n\t\t\t\n\t\t\t\t\t\t\t\t\t\t\t\t\t\t\n\t\t\t\t\t\t\t\t\n\t\t\t\t\t\t\t\t\t\t\t\t\t<div class=\"fusion-rollover-sep\"><\/div>\n\t\t\t\t\n\t\t\t\t\t\t\t\t\t\t\t\t\t\t\t\t\t\t<a class=\"fusion-rollover-gallery\" href=\"https:\/\/www.edextintores.com.br\/site\/wp-content\/uploads\/2017\/08\/Extintores-em-Santos-Prevencao-Contra-Incendio.jpg\" data-id=\"102\" data-rel=\"iLightbox[gallery]\" data-title=\"Extintores em Santos - Prevencao Contra Incendio\" data-caption=\"\">\n\t\t\t\t\t\tGallery\t\t\t\t\t<\/a>\n\t\t\t\t\t\t\t\t\t\t\t\t\t\t\t\t\t\t\t\n\t\t\t\t\n\t\t\t\t\t\t\t\t\t\t\t\t<h4 class=\"fusion-rollover-title\">\n\t\t\t\t\t\t\t\t\t\t<a href=\"https:\/\/www.edextintores.com.br\/site\/prevencao-contra-incendio\/\">\n\t\t\t\t\t\tPreven\u00e7\u00e3o Contra Inc\u00eandio\t\t\t\t\t<\/a>\n\t\t\t\t<\/h4>\n\t\t\t\n\t\t\t\t\t\t\t\t\t\t\t\t\t\t<div class=\"fusion-rollover-categories\"><a href=\"https:\/\/www.edextintores.com.br\/site\/category\/dicas\/\" rel=\"tag\">Dicas<\/a><\/div>\t\t\t\t\t\n\t\t\n\t\t\t\t\t\t<a class=\"fusion-link-wrapper\" href=\"https:\/\/www.edextintores.com.br\/site\/prevencao-contra-incendio\/\" aria-label=\"Preven\u00e7\u00e3o Contra Inc\u00eandio\"><\/a>\n\t<\/div>\n<\/div>\n\n\t\n<\/div>\n<\/li>\n\t\t\t\n\t\t\t\n\t\t\t\t\t\t\t\t\t\t\t\t\t\t\t\t\t\t\t\t\t\t\t\t\t\t\t\t\t\t\t\t\t\t\t\t\t\t\t\t\t\t\t\t\t\t\t\t\t\t\t\t\t\t\t\t\t\t\t\t\t\t\t\t\t\t\t\t<\/ul>\n\t<\/div>\n<div class=\"fusion-post-content-wrapper\"><div class=\"fusion-post-content post-content\"><h2 class=\"blog-shortcode-post-title entry-title\"><a href=\"https:\/\/www.edextintores.com.br\/site\/prevencao-contra-incendio\/\">Preven\u00e7\u00e3o Contra Inc\u00eandio<\/a><\/h2><div class=\"fusion-post-content-container\"><p>Aprenda como se prevenir de inc\u00eandios e quais os pontos de principio. Com Eletricidade: Manter as instala\u00e7\u00f5es em bom estado, para evitar sobrecarga, mau contato e curto-circuito. Nunca deixe ferro el\u00e9trico ligado quando tiver que fazer alguma outra coisa, mesmo que seja por alguns minutos, pois isto tem sido causa de grandes inc\u00eandios. [...]<\/p><\/div><\/div><\/div><div class=\"fusion-clearfix\"><\/div><\/div>\n<\/article>\n<article id=\"post-93\" class=\"fusion-post-grid post-93 post type-post status-publish format-standard has-post-thumbnail hentry category-dicas\">\n<div class=\"fusion-post-wrapper\">\n\n\t<div class=\"fusion-flexslider flexslider fusion-flexslider-loading fusion-post-slideshow\">\n\t\t<ul class=\"slides\">\n\t\t\t\n\t\t\t\t\t\t\t\t\t\t\t\t\t\t\t\t\t\t<li>\n<div class=\"fusion-image-wrapper\" aria-haspopup=\"true\">\n\t\n\t\n\t\t\n\t\t\t\t\t<img loading=\"lazy\" decoding=\"async\" width=\"800\" height=\"600\" src=\"https:\/\/www.edextintores.com.br\/site\/wp-content\/uploads\/2017\/08\/Extintores-em-Santos-Como-Agir-em-Caso-de-Incendio-600x450.jpg\" class=\"attachment-full size-full wp-post-image\" alt=\"\" srcset=\"https:\/\/www.edextintores.com.br\/site\/wp-content\/uploads\/2017\/08\/Extintores-em-Santos-Como-Agir-em-Caso-de-Incendio-200x150.jpg 200w, https:\/\/www.edextintores.com.br\/site\/wp-content\/uploads\/2017\/08\/Extintores-em-Santos-Como-Agir-em-Caso-de-Incendio-400x300.jpg 400w, https:\/\/www.edextintores.com.br\/site\/wp-content\/uploads\/2017\/08\/Extintores-em-Santos-Como-Agir-em-Caso-de-Incendio-600x450.jpg 600w, https:\/\/www.edextintores.com.br\/site\/wp-content\/uploads\/2017\/08\/Extintores-em-Santos-Como-Agir-em-Caso-de-Incendio.jpg 800w\" sizes=\"auto, (min-width: 712px) 530px, (min-width: 640px) 712px, 100vw\" \/>\n\t\n\n<div class=\"fusion-rollover\">\n\t<div class=\"fusion-rollover-content\">\n\n\t\t\t\t\t\t\t\t\t\t\t\t\t\t\t\t\t\t<a class=\"fusion-rollover-link\" href=\"https:\/\/www.edextintores.com.br\/site\/como-agir-em-caso-de-incendio\/\">Como Agir em Caso de Inc\u00eandio?<\/a>\n\t\t\t\n\t\t\t\t\t\t\t\t\t\t\t\t\t\t\n\t\t\t\t\t\t\t\t\n\t\t\t\t\t\t\t\t\t\t\t\t\t<div class=\"fusion-rollover-sep\"><\/div>\n\t\t\t\t\n\t\t\t\t\t\t\t\t\t\t\t\t\t\t\t\t\t\t<a class=\"fusion-rollover-gallery\" href=\"https:\/\/www.edextintores.com.br\/site\/wp-content\/uploads\/2017\/08\/Extintores-em-Santos-Como-Agir-em-Caso-de-Incendio.jpg\" data-id=\"93\" data-rel=\"iLightbox[gallery]\" data-title=\"Extintores em Santos - Como Agir em Caso de Incendio\" data-caption=\"\">\n\t\t\t\t\t\tGallery\t\t\t\t\t<\/a>\n\t\t\t\t\t\t\t\t\t\t\t\t\t\t\t\t\t\t\t\n\t\t\t\t\n\t\t\t\t\t\t\t\t\t\t\t\t<h4 class=\"fusion-rollover-title\">\n\t\t\t\t\t\t\t\t\t\t<a href=\"https:\/\/www.edextintores.com.br\/site\/como-agir-em-caso-de-incendio\/\">\n\t\t\t\t\t\tComo Agir em Caso de Inc\u00eandio?\t\t\t\t\t<\/a>\n\t\t\t\t<\/h4>\n\t\t\t\n\t\t\t\t\t\t\t\t\t\t\t\t\t\t<div class=\"fusion-rollover-categories\"><a href=\"https:\/\/www.edextintores.com.br\/site\/category\/dicas\/\" rel=\"tag\">Dicas<\/a><\/div>\t\t\t\t\t\n\t\t\n\t\t\t\t\t\t<a class=\"fusion-link-wrapper\" href=\"https:\/\/www.edextintores.com.br\/site\/como-agir-em-caso-de-incendio\/\" aria-label=\"Como Agir em Caso de Inc\u00eandio?\"><\/a>\n\t<\/div>\n<\/div>\n\n\t\n<\/div>\n<\/li>\n\t\t\t\n\t\t\t\n\t\t\t\t\t\t\t\t\t\t\t\t\t\t\t\t\t\t\t\t\t\t\t\t\t\t\t\t\t\t\t\t\t\t\t\t\t\t\t\t\t\t\t\t\t\t\t\t\t\t\t\t\t\t\t\t\t\t\t\t\t\t\t\t\t\t\t\t<\/ul>\n\t<\/div>\n<div class=\"fusion-post-content-wrapper\"><div class=\"fusion-post-content post-content\"><h2 class=\"blog-shortcode-post-title entry-title\"><a href=\"https:\/\/www.edextintores.com.br\/site\/como-agir-em-caso-de-incendio\/\">Como Agir em Caso de Inc\u00eandio?<\/a><\/h2><div class=\"fusion-post-content-container\"><p>Aprenda como agir em caso de inc\u00eandio: Se n\u00e3o souber combater o inc\u00eandio (fogo), ou n\u00e3o puder domin\u00e1-lo, saia do local, fechando todas as portas e janelas atr\u00e1s de si, mas sem tranc\u00e1-las, desligando a eletricidade e alertando os demais ocupantes do andar; N\u00e3o perca tempo tentando salvar objetos, salve sua vida; Mantenha-se [...]<\/p><\/div><\/div><\/div><div class=\"fusion-clearfix\"><\/div><\/div>\n<\/article>\n<div class=\"fusion-clearfix\"><\/div><\/div><\/div><div class=\"fusion-clearfix\"><\/div>\n\n\t\t\t\t\t<\/div>\n\t\t\t\t<\/div><\/div><\/div><div  class=\"fusion-fullwidth fullwidth-box fusion-parallax-none nonhundred-percent-fullwidth\"  style='background-color: #1d1d1d;background-image: url(\"http:\/\/www.edextintores.com.br\/site\/wp-content\/uploads\/2017\/08\/Extintores-em-Santos-Fale-Conosco-BG.jpg\");background-position: center top;background-repeat: no-repeat;padding-top:91px;padding-bottom:80px;-webkit-background-size:cover;-moz-background-size:cover;-o-background-size:cover;background-size:cover;background-attachment:none;'><div class=\"fusion-builder-row fusion-row \"><div  class=\"fusion-layout-column fusion_builder_column fusion_builder_column_1_1  fusion-one-full fusion-column-first fusion-column-last 1_1\"  style='margin-top:0px;margin-bottom:20px;width:100%'>\n\t\t\t\t\t<div class=\"fusion-column-wrapper\" style=\"background-position:left top;background-repeat:no-repeat;-webkit-background-size:cover;-moz-background-size:cover;-o-background-size:cover;background-size:cover;\"  data-bg-url=\"\">\n\t\t\t\t\t\t<h1 style=\"text-align: center; color: #fff;\">ENTRE EM CONTATO E SOLICITE UM OR\u00c7AMENTO!<\/h1>\n<div class=\"fusion-sep-clear\"><\/div><div class=\"fusion-separator sep-single sep-solid\" style=\"border-color:#ed3237;border-top-width:3px;margin-left: auto;margin-right: auto;margin-top:0px;margin-bottom:30px;width:100%;max-width:60px;\"><\/div><p style=\"text-align: center; color: #fff;\">A E.D. Extintores fornece produtos e servi\u00e7os de qualidade que atendem a prefer\u00eancia dos clientes, a pre\u00e7os compat\u00edveis com o mercado.<br \/>\nEntre em contato com a nossa equipe de profissionais para tirar todas as suas d\u00favidas e pedir maiores informa\u00e7\u00f5es.<\/p>\n<div class=\"fusion-sep-clear\"><\/div><div class=\"fusion-separator fusion-full-width-sep sep-none\" style=\"margin-left: auto;margin-right: auto;margin-top:11px;\"><\/div><div class=\"fusion-button-wrapper fusion-aligncenter\"><style type=\"text\/css\" scoped=\"scoped\">.fusion-button.button-1 .fusion-button-text, .fusion-button.button-1 i {color:#ffffff;}.fusion-button.button-1 {border-width:0px;border-color:#ffffff;}.fusion-button.button-1 .fusion-button-icon-divider{border-color:#ffffff;}.fusion-button.button-1:hover .fusion-button-text, .fusion-button.button-1:hover i,.fusion-button.button-1:focus .fusion-button-text, .fusion-button.button-1:focus i,.fusion-button.button-1:active .fusion-button-text, .fusion-button.button-1:active{color:#ffffff;}.fusion-button.button-1:hover, .fusion-button.button-1:focus, .fusion-button.button-1:active{border-width:0px;border-color:#ffffff;}.fusion-button.button-1:hover .fusion-button-icon-divider, .fusion-button.button-1:hover .fusion-button-icon-divider, .fusion-button.button-1:active .fusion-button-icon-divider{border-color:#ffffff;}.fusion-button.button-1{width:auto;}<\/style><a class=\"fusion-button button-flat fusion-button-round button-large button-default button-1\" target=\"_self\" href=\"http:\/\/www.edextintores.com.br\/site\/extintor-em-santos\/\"><span class=\"fusion-button-text\">Fale Conosco<\/span><\/a><\/div><div class=\"fusion-clearfix\"><\/div>\n\n\t\t\t\t\t<\/div>\n\t\t\t\t<\/div><\/div><\/div><div  class=\"fusion-fullwidth fullwidth-box nonhundred-percent-fullwidth\"  style='background-color: #2d2d2d;background-position: center center;background-repeat: no-repeat;padding-top:100px;padding-bottom:80px;'><div class=\"fusion-builder-row fusion-row \"><div  class=\"fusion-layout-column fusion_builder_column fusion_builder_column_2_5  fusion-two-fifth fusion-column-first 2_5\"  style='margin-top:0px;margin-bottom:20px;width:37.6%; margin-right: 4%;'>\n\t\t\t\t\t<div class=\"fusion-column-wrapper\" style=\"background-position:left top;background-repeat:no-repeat;-webkit-background-size:cover;-moz-background-size:cover;-o-background-size:cover;background-size:cover;\"  data-bg-url=\"\">\n\t\t\t\t\t\t<div class=\"imageframe-align-center\"><span class=\"fusion-imageframe imageframe-none imageframe-1 hover-type-none\"><img decoding=\"async\" src=\"http:\/\/www.edextintores.com.br\/site\/wp-content\/uploads\/2017\/08\/Extintores-em-Santos-Empresa-01.jpg\" width=\"\" height=\"\" alt=\"Extintor de Inc\u00eandio em Santos\" title=\"\" class=\"img-responsive\"\/><\/span><\/div><div class=\"fusion-clearfix\"><\/div>\n\n\t\t\t\t\t<\/div>\n\t\t\t\t<\/div><div  class=\"fusion-layout-column fusion_builder_column fusion_builder_column_3_5  fusion-three-fifth fusion-column-last 3_5\"  style='margin-top:0px;margin-bottom:20px;width:58.4%'>\n\t\t\t\t\t<div class=\"fusion-column-wrapper\" style=\"background-position:left top;background-repeat:no-repeat;-webkit-background-size:cover;-moz-background-size:cover;-o-background-size:cover;background-size:cover;\"  data-bg-url=\"\">\n\t\t\t\t\t\t<div class=\"fusion-sep-clear\"><\/div><div class=\"fusion-separator fusion-full-width-sep sep-none\" style=\"margin-left: auto;margin-right: auto;margin-top:18px;\"><\/div><h2>E.D. EXTINTORES<\/h2>\n<p style=\"text-align: justify;\">A empresa fornece produtos e servi\u00e7os de qualidade que atendem a prefer\u00eancia dos clientes, a pre\u00e7os compat\u00edveis com o mercado.<\/p>\n<p style=\"text-align: justify;\">Capacitamos e desenvolvemos nossos recursos humanos atrav\u00e9s de programas de treinamento, conscientiza\u00e7\u00e3o e reciclagens.<\/p>\n<p style=\"text-align: justify;\">Atendemos as necessidades e expectativas de nossos clientes e colaboradores, buscando parcerias para benef\u00edcios m\u00fatuos.<\/p>\n<div class=\"fusion-button-wrapper fusion-alignleft\"><style type=\"text\/css\" scoped=\"scoped\">.fusion-button.button-2 .fusion-button-text, .fusion-button.button-2 i {color:#ffffff;}.fusion-button.button-2 {border-width:0px;border-color:#ffffff;}.fusion-button.button-2 .fusion-button-icon-divider{border-color:#ffffff;}.fusion-button.button-2:hover .fusion-button-text, .fusion-button.button-2:hover i,.fusion-button.button-2:focus .fusion-button-text, .fusion-button.button-2:focus i,.fusion-button.button-2:active .fusion-button-text, .fusion-button.button-2:active{color:#ffffff;}.fusion-button.button-2:hover, .fusion-button.button-2:focus, .fusion-button.button-2:active{border-width:0px;border-color:#ffffff;}.fusion-button.button-2:hover .fusion-button-icon-divider, .fusion-button.button-2:hover .fusion-button-icon-divider, .fusion-button.button-2:active .fusion-button-icon-divider{border-color:#ffffff;}.fusion-button.button-2{width:auto;}<\/style><a class=\"fusion-button button-flat fusion-button-round button-large button-default button-2\" target=\"_self\" href=\"http:\/\/www.edextintores.com.br\/site\/ed-extintores-extintores-em-santos\/\"><span class=\"fusion-button-text\">Saiba Mais<\/span><\/a><\/div><div class=\"fusion-clearfix\"><\/div>\n\n\t\t\t\t\t<\/div>\n\t\t\t\t<\/div><\/div><\/div><\/p>\n","protected":false},"excerpt":{"rendered":"","protected":false},"author":3,"featured_media":0,"parent":0,"menu_order":0,"comment_status":"closed","ping_status":"closed","template":"100-width.php","meta":{"footnotes":""},"class_list":["post-31","page","type-page","status-publish","hentry"],"yoast_head":"<!-- This site is optimized with the Yoast SEO plugin v26.5 - https:\/\/yoast.com\/wordpress\/plugins\/seo\/ -->\n<title>Extintor de Inc\u00eandio em Santos | E.D. Extintores<\/title>\n<meta name=\"description\" content=\"Extintor de Inc\u00eandio em Santos \u00e9 na E.D. Extintores! Fornecemos produtos e servi\u00e7os de qualidade na \u00e1rea de combate a inc\u00eandio. Venha conferir!\" \/>\n<meta name=\"robots\" content=\"index, follow, max-snippet:-1, max-image-preview:large, max-video-preview:-1\" \/>\n<link rel=\"canonical\" href=\"https:\/\/www.edextintores.com.br\/site\/extintor-de-incendio-em-santos\/\" \/>\n<meta property=\"og:locale\" content=\"pt_BR\" \/>\n<meta property=\"og:type\" content=\"article\" \/>\n<meta property=\"og:title\" content=\"Extintor de Inc\u00eandio em Santos | E.D. Extintores\" \/>\n<meta property=\"og:description\" content=\"Extintor de Inc\u00eandio em Santos \u00e9 na E.D. Extintores! Fornecemos produtos e servi\u00e7os de qualidade na \u00e1rea de combate a inc\u00eandio. Venha conferir!\" \/>\n<meta property=\"og:url\" content=\"https:\/\/www.edextintores.com.br\/site\/extintor-de-incendio-em-santos\/\" \/>\n<meta property=\"og:site_name\" content=\"E.D. Extintores\" \/>\n<meta property=\"article:modified_time\" content=\"2025-03-17T12:40:56+00:00\" \/>\n<meta name=\"twitter:card\" content=\"summary_large_image\" \/>\n<meta name=\"twitter:label1\" content=\"Est. tempo de leitura\" \/>\n\t<meta name=\"twitter:data1\" content=\"4 minutos\" \/>\n<script type=\"application\/ld+json\" class=\"yoast-schema-graph\">{\"@context\":\"https:\/\/schema.org\",\"@graph\":[{\"@type\":\"WebPage\",\"@id\":\"https:\/\/www.edextintores.com.br\/site\/extintor-de-incendio-em-santos\/\",\"url\":\"https:\/\/www.edextintores.com.br\/site\/extintor-de-incendio-em-santos\/\",\"name\":\"Extintor de Inc\u00eandio em Santos | E.D. Extintores\",\"isPartOf\":{\"@id\":\"https:\/\/www.edextintores.com.br\/site\/#website\"},\"datePublished\":\"2017-08-09T14:49:01+00:00\",\"dateModified\":\"2025-03-17T12:40:56+00:00\",\"description\":\"Extintor de Inc\u00eandio em Santos \u00e9 na E.D. Extintores! Fornecemos produtos e servi\u00e7os de qualidade na \u00e1rea de combate a inc\u00eandio. Venha conferir!\",\"breadcrumb\":{\"@id\":\"https:\/\/www.edextintores.com.br\/site\/extintor-de-incendio-em-santos\/#breadcrumb\"},\"inLanguage\":\"pt-BR\",\"potentialAction\":[{\"@type\":\"ReadAction\",\"target\":[\"https:\/\/www.edextintores.com.br\/site\/extintor-de-incendio-em-santos\/\"]}]},{\"@type\":\"BreadcrumbList\",\"@id\":\"https:\/\/www.edextintores.com.br\/site\/extintor-de-incendio-em-santos\/#breadcrumb\",\"itemListElement\":[{\"@type\":\"ListItem\",\"position\":1,\"name\":\"In\u00edcio\",\"item\":\"https:\/\/www.edextintores.com.br\/site\/\"},{\"@type\":\"ListItem\",\"position\":2,\"name\":\"Dicas\"}]},{\"@type\":\"WebSite\",\"@id\":\"https:\/\/www.edextintores.com.br\/site\/#website\",\"url\":\"https:\/\/www.edextintores.com.br\/site\/\",\"name\":\"E.D. Extintores\",\"description\":\"Extintores em Santos\",\"potentialAction\":[{\"@type\":\"SearchAction\",\"target\":{\"@type\":\"EntryPoint\",\"urlTemplate\":\"https:\/\/www.edextintores.com.br\/site\/?s={search_term_string}\"},\"query-input\":{\"@type\":\"PropertyValueSpecification\",\"valueRequired\":true,\"valueName\":\"search_term_string\"}}],\"inLanguage\":\"pt-BR\"}]}<\/script>\n<!-- \/ Yoast SEO plugin. -->","yoast_head_json":{"title":"Extintor de Inc\u00eandio em Santos | E.D. Extintores","description":"Extintor de Inc\u00eandio em Santos \u00e9 na E.D. Extintores! Fornecemos produtos e servi\u00e7os de qualidade na \u00e1rea de combate a inc\u00eandio. Venha conferir!","robots":{"index":"index","follow":"follow","max-snippet":"max-snippet:-1","max-image-preview":"max-image-preview:large","max-video-preview":"max-video-preview:-1"},"canonical":"https:\/\/www.edextintores.com.br\/site\/extintor-de-incendio-em-santos\/","og_locale":"pt_BR","og_type":"article","og_title":"Extintor de Inc\u00eandio em Santos | E.D. Extintores","og_description":"Extintor de Inc\u00eandio em Santos \u00e9 na E.D. Extintores! Fornecemos produtos e servi\u00e7os de qualidade na \u00e1rea de combate a inc\u00eandio. Venha conferir!","og_url":"https:\/\/www.edextintores.com.br\/site\/extintor-de-incendio-em-santos\/","og_site_name":"E.D. Extintores","article_modified_time":"2025-03-17T12:40:56+00:00","twitter_card":"summary_large_image","twitter_misc":{"Est. tempo de leitura":"4 minutos"},"schema":{"@context":"https:\/\/schema.org","@graph":[{"@type":"WebPage","@id":"https:\/\/www.edextintores.com.br\/site\/extintor-de-incendio-em-santos\/","url":"https:\/\/www.edextintores.com.br\/site\/extintor-de-incendio-em-santos\/","name":"Extintor de Inc\u00eandio em Santos | E.D. Extintores","isPartOf":{"@id":"https:\/\/www.edextintores.com.br\/site\/#website"},"datePublished":"2017-08-09T14:49:01+00:00","dateModified":"2025-03-17T12:40:56+00:00","description":"Extintor de Inc\u00eandio em Santos \u00e9 na E.D. Extintores! Fornecemos produtos e servi\u00e7os de qualidade na \u00e1rea de combate a inc\u00eandio. Venha conferir!","breadcrumb":{"@id":"https:\/\/www.edextintores.com.br\/site\/extintor-de-incendio-em-santos\/#breadcrumb"},"inLanguage":"pt-BR","potentialAction":[{"@type":"ReadAction","target":["https:\/\/www.edextintores.com.br\/site\/extintor-de-incendio-em-santos\/"]}]},{"@type":"BreadcrumbList","@id":"https:\/\/www.edextintores.com.br\/site\/extintor-de-incendio-em-santos\/#breadcrumb","itemListElement":[{"@type":"ListItem","position":1,"name":"In\u00edcio","item":"https:\/\/www.edextintores.com.br\/site\/"},{"@type":"ListItem","position":2,"name":"Dicas"}]},{"@type":"WebSite","@id":"https:\/\/www.edextintores.com.br\/site\/#website","url":"https:\/\/www.edextintores.com.br\/site\/","name":"E.D. Extintores","description":"Extintores em Santos","potentialAction":[{"@type":"SearchAction","target":{"@type":"EntryPoint","urlTemplate":"https:\/\/www.edextintores.com.br\/site\/?s={search_term_string}"},"query-input":{"@type":"PropertyValueSpecification","valueRequired":true,"valueName":"search_term_string"}}],"inLanguage":"pt-BR"}]}},"_links":{"self":[{"href":"https:\/\/www.edextintores.com.br\/site\/wp-json\/wp\/v2\/pages\/31","targetHints":{"allow":["GET"]}}],"collection":[{"href":"https:\/\/www.edextintores.com.br\/site\/wp-json\/wp\/v2\/pages"}],"about":[{"href":"https:\/\/www.edextintores.com.br\/site\/wp-json\/wp\/v2\/types\/page"}],"author":[{"embeddable":true,"href":"https:\/\/www.edextintores.com.br\/site\/wp-json\/wp\/v2\/users\/3"}],"replies":[{"embeddable":true,"href":"https:\/\/www.edextintores.com.br\/site\/wp-json\/wp\/v2\/comments?post=31"}],"version-history":[{"count":6,"href":"https:\/\/www.edextintores.com.br\/site\/wp-json\/wp\/v2\/pages\/31\/revisions"}],"predecessor-version":[{"id":917,"href":"https:\/\/www.edextintores.com.br\/site\/wp-json\/wp\/v2\/pages\/31\/revisions\/917"}],"wp:attachment":[{"href":"https:\/\/www.edextintores.com.br\/site\/wp-json\/wp\/v2\/media?parent=31"}],"curies":[{"name":"wp","href":"https:\/\/api.w.org\/{rel}","templated":true}]}}