{"id":369,"date":"2019-08-14T16:02:50","date_gmt":"2019-08-14T19:02:50","guid":{"rendered":"http:\/\/www.edextintores.com.br\/site\/?page_id=369"},"modified":"2025-03-17T14:26:42","modified_gmt":"2025-03-17T17:26:42","slug":"extintores-automotivos-em-santos","status":"publish","type":"page","link":"https:\/\/www.edextintores.com.br\/site\/extintores-de-incendio-em-santos\/extintores-automotivos-em-santos\/","title":{"rendered":"Extintores Automotivos"},"content":{"rendered":"<p><div  class=\"fusion-fullwidth fullwidth-box fusion-parallax-none nonhundred-percent-fullwidth\"  style='background-color: #1d1d1d;background-image: url(\"http:\/\/www.edextintores.com.br\/site\/wp-content\/uploads\/2017\/08\/Extintores-em-Santos-Title-BG.jpg\");background-position: center center;background-repeat: no-repeat;padding-top:64px;padding-bottom:80px;-webkit-background-size:cover;-moz-background-size:cover;-o-background-size:cover;background-size:cover;background-attachment:none;'><div class=\"fusion-builder-row fusion-row \"><div  class=\"fusion-layout-column fusion_builder_column fusion_builder_column_1_1  fusion-one-full fusion-column-first fusion-column-last 1_1\"  style='margin-top:0px;margin-bottom:20px;'>\n\t\t\t\t\t<div class=\"fusion-column-wrapper\" style=\"background-position:left top;background-repeat:no-repeat;-webkit-background-size:cover;-moz-background-size:cover;-o-background-size:cover;background-size:cover;\"  data-bg-url=\"\">\n\t\t\t\t\t\t<h1 style=\"text-align: center;\">EXTINTORES AUTOMOTIVOS<\/h1>\n<div class=\"fusion-sep-clear\"><\/div><div class=\"fusion-separator sep-single sep-solid\" style=\"border-color:#ed3237;border-top-width:3px;margin-left: auto;margin-right: auto;margin-top:0px;margin-bottom:0px;width:100%;max-width:60px;\"><\/div><div class=\"fusion-clearfix\"><\/div>\n\n\t\t\t\t\t<\/div>\n\t\t\t\t<\/div><\/div><\/div><div  class=\"fusion-fullwidth fullwidth-box nonhundred-percent-fullwidth\"  style='background-color: #2d2d2d;background-position: center center;background-repeat: no-repeat;padding-top:21px;padding-bottom:80px;'><div class=\"fusion-builder-row fusion-row \"><div  class=\"fusion-layout-column fusion_builder_column fusion_builder_column_1_1  fusion-one-full fusion-column-first fusion-column-last 1_1\"  style='margin-top:0px;margin-bottom:20px;'>\n\t\t\t\t\t<div class=\"fusion-column-wrapper\" style=\"background-position:left top;background-repeat:no-repeat;-webkit-background-size:cover;-moz-background-size:cover;-o-background-size:cover;background-size:cover;\"  data-bg-url=\"\">\n\t\t\t\t\t\t<h6 style=\"color: #2d2d2d; font-size: 3px;\">Extintores Automotivos em Santos | E.D. Extintores<\/h6>\n<p><span style=\"color: #2d2d2d; font-size: 3px;\">Extintores Automotivos em Santos | E.D. Extintores<\/span><\/p>\n<h2 style=\"text-align: center;\">Extintores Automotivos P1 e P2<\/h2>\n<p style=\"text-align: center;\">Extintor ABC com 5 anos de garantia. N\u00e3o recarreg\u00e1veis.<\/p>\n<div class=\"fusion-clearfix\"><\/div>\n\n\t\t\t\t\t<\/div>\n\t\t\t\t<\/div><div  class=\"fusion-layout-column fusion_builder_column fusion_builder_column_1_4  fusion-one-fourth fusion-column-first 1_4\"  style='margin-top:0px;margin-bottom:20px;width:25%;width:calc(25% - ( ( 4% + 4% + 4% ) * 0.25 ) );margin-right: 4%;'>\n\t\t\t\t\t<div class=\"fusion-column-wrapper\" style=\"background-position:left top;background-repeat:no-repeat;-webkit-background-size:cover;-moz-background-size:cover;-o-background-size:cover;background-size:cover;\"  data-bg-url=\"\">\n\t\t\t\t\t\t<div class=\"imageframe-align-center\"><span class=\"fusion-imageframe imageframe-none imageframe-1 hover-type-none\"><a href=\"http:\/\/www.edextintores.com.br\/site\/wp-content\/uploads\/2017\/08\/Extintores-em-Santos-Extintores-Automotivos-P1-3.jpg\" class=\"fusion-lightbox\" data-rel=\"iLightbox[galeria]\"><img decoding=\"async\" src=\"http:\/\/www.edextintores.com.br\/site\/wp-content\/uploads\/2017\/08\/Extintores-em-Santos-Extintores-Automotivos-P1-3.jpg\" width=\"\" height=\"\" alt=\"Extintores Automotivos\" class=\"img-responsive\"\/><\/a><\/span><\/div><div class=\"fusion-clearfix\"><\/div>\n\n\t\t\t\t\t<\/div>\n\t\t\t\t<\/div><div  class=\"fusion-layout-column fusion_builder_column fusion_builder_column_1_4  fusion-one-fourth 1_4\"  style='margin-top:0px;margin-bottom:20px;width:25%;width:calc(25% - ( ( 4% + 4% + 4% ) * 0.25 ) );margin-right: 4%;'>\n\t\t\t\t\t<div class=\"fusion-column-wrapper\" style=\"background-position:left top;background-repeat:no-repeat;-webkit-background-size:cover;-moz-background-size:cover;-o-background-size:cover;background-size:cover;\"  data-bg-url=\"\">\n\t\t\t\t\t\t<div class=\"imageframe-align-center\"><span class=\"fusion-imageframe imageframe-none imageframe-2 hover-type-none\"><a href=\"http:\/\/www.edextintores.com.br\/site\/wp-content\/uploads\/2017\/08\/Extintores-em-Santos-Extintores-Automotivos-P1-3-12.jpg\" class=\"fusion-lightbox\" data-rel=\"iLightbox[galeria]\"><img decoding=\"async\" src=\"http:\/\/www.edextintores.com.br\/site\/wp-content\/uploads\/2017\/08\/Extintores-em-Santos-Extintores-Automotivos-P1-3-12.jpg\" width=\"\" height=\"\" alt=\"Extintores Automotivos\" class=\"img-responsive\"\/><\/a><\/span><\/div><div class=\"fusion-clearfix\"><\/div>\n\n\t\t\t\t\t<\/div>\n\t\t\t\t<\/div><div  class=\"fusion-layout-column fusion_builder_column fusion_builder_column_1_4  fusion-one-fourth 1_4\"  style='margin-top:0px;margin-bottom:20px;width:25%;width:calc(25% - ( ( 4% + 4% + 4% ) * 0.25 ) );margin-right: 4%;'>\n\t\t\t\t\t<div class=\"fusion-column-wrapper\" style=\"background-position:left top;background-repeat:no-repeat;-webkit-background-size:cover;-moz-background-size:cover;-o-background-size:cover;background-size:cover;\"  data-bg-url=\"\">\n\t\t\t\t\t\t<div class=\"imageframe-align-center\"><span class=\"fusion-imageframe imageframe-none imageframe-3 hover-type-none\"><a href=\"http:\/\/www.edextintores.com.br\/site\/wp-content\/uploads\/2017\/08\/Extintores-em-Santos-Extintores-Automotivos-P1-4.jpg\" class=\"fusion-lightbox\" data-rel=\"iLightbox[galeria]\"><img decoding=\"async\" src=\"http:\/\/www.edextintores.com.br\/site\/wp-content\/uploads\/2017\/08\/Extintores-em-Santos-Extintores-Automotivos-P1-4.jpg\" width=\"\" height=\"\" alt=\"Extintores Automotivos\" class=\"img-responsive\"\/><\/a><\/span><\/div><div class=\"fusion-clearfix\"><\/div>\n\n\t\t\t\t\t<\/div>\n\t\t\t\t<\/div><div  class=\"fusion-layout-column fusion_builder_column fusion_builder_column_1_4  fusion-one-fourth fusion-column-last 1_4\"  style='margin-top:0px;margin-bottom:20px;width:25%;width:calc(25% - ( ( 4% + 4% + 4% ) * 0.25 ) );'>\n\t\t\t\t\t<div class=\"fusion-column-wrapper\" style=\"background-position:left top;background-repeat:no-repeat;-webkit-background-size:cover;-moz-background-size:cover;-o-background-size:cover;background-size:cover;\"  data-bg-url=\"\">\n\t\t\t\t\t\t<div class=\"imageframe-align-center\"><span class=\"fusion-imageframe imageframe-none imageframe-4 hover-type-none\"><a href=\"http:\/\/www.edextintores.com.br\/site\/wp-content\/uploads\/2017\/08\/Extintores-em-Santos-Extintores-Automotivos-P2.jpg\" class=\"fusion-lightbox\" data-rel=\"iLightbox[galeria]\"><img decoding=\"async\" src=\"http:\/\/www.edextintores.com.br\/site\/wp-content\/uploads\/2017\/08\/Extintores-em-Santos-Extintores-Automotivos-P2.jpg\" width=\"\" height=\"\" alt=\"Extintores Automotivos\" class=\"img-responsive\"\/><\/a><\/span><\/div><div class=\"fusion-clearfix\"><\/div>\n\n\t\t\t\t\t<\/div>\n\t\t\t\t<\/div><\/div><\/div><\/p>\n","protected":false},"excerpt":{"rendered":"","protected":false},"author":3,"featured_media":0,"parent":27,"menu_order":0,"comment_status":"closed","ping_status":"closed","template":"100-width.php","meta":{"footnotes":""},"class_list":["post-369","page","type-page","status-publish","hentry"],"yoast_head":"<!-- This site is optimized with the Yoast SEO plugin v26.5 - https:\/\/yoast.com\/wordpress\/plugins\/seo\/ -->\n<title>Extintores Automotivos em Santos | E.D. Extintores<\/title>\n<meta name=\"description\" content=\"Extintores Automotivos em Santos \u00e9 na E.D. Extintores! Fornecemos produtos e servi\u00e7os de qualidade na \u00e1rea de combate a inc\u00eandio. Venha conferir!\" \/>\n<meta name=\"robots\" content=\"index, follow, max-snippet:-1, max-image-preview:large, max-video-preview:-1\" \/>\n<link rel=\"canonical\" href=\"https:\/\/www.edextintores.com.br\/site\/extintores-de-incendio-em-santos\/extintores-automotivos-em-santos\/\" \/>\n<meta property=\"og:locale\" content=\"pt_BR\" \/>\n<meta property=\"og:type\" content=\"article\" \/>\n<meta property=\"og:title\" content=\"Extintores Automotivos em Santos | E.D. Extintores\" \/>\n<meta property=\"og:description\" content=\"Extintores Automotivos em Santos \u00e9 na E.D. Extintores! Fornecemos produtos e servi\u00e7os de qualidade na \u00e1rea de combate a inc\u00eandio. Venha conferir!\" \/>\n<meta property=\"og:url\" content=\"https:\/\/www.edextintores.com.br\/site\/extintores-de-incendio-em-santos\/extintores-automotivos-em-santos\/\" \/>\n<meta property=\"og:site_name\" content=\"E.D. Extintores\" \/>\n<meta property=\"article:modified_time\" content=\"2025-03-17T17:26:42+00:00\" \/>\n<meta name=\"twitter:card\" content=\"summary_large_image\" \/>\n<meta name=\"twitter:label1\" content=\"Est. tempo de leitura\" \/>\n\t<meta name=\"twitter:data1\" content=\"2 minutos\" \/>\n<script type=\"application\/ld+json\" class=\"yoast-schema-graph\">{\"@context\":\"https:\/\/schema.org\",\"@graph\":[{\"@type\":\"WebPage\",\"@id\":\"https:\/\/www.edextintores.com.br\/site\/extintores-de-incendio-em-santos\/extintores-automotivos-em-santos\/\",\"url\":\"https:\/\/www.edextintores.com.br\/site\/extintores-de-incendio-em-santos\/extintores-automotivos-em-santos\/\",\"name\":\"Extintores Automotivos em Santos | E.D. Extintores\",\"isPartOf\":{\"@id\":\"https:\/\/www.edextintores.com.br\/site\/#website\"},\"datePublished\":\"2019-08-14T19:02:50+00:00\",\"dateModified\":\"2025-03-17T17:26:42+00:00\",\"description\":\"Extintores Automotivos em Santos \u00e9 na E.D. Extintores! Fornecemos produtos e servi\u00e7os de qualidade na \u00e1rea de combate a inc\u00eandio. Venha conferir!\",\"breadcrumb\":{\"@id\":\"https:\/\/www.edextintores.com.br\/site\/extintores-de-incendio-em-santos\/extintores-automotivos-em-santos\/#breadcrumb\"},\"inLanguage\":\"pt-BR\",\"potentialAction\":[{\"@type\":\"ReadAction\",\"target\":[\"https:\/\/www.edextintores.com.br\/site\/extintores-de-incendio-em-santos\/extintores-automotivos-em-santos\/\"]}]},{\"@type\":\"BreadcrumbList\",\"@id\":\"https:\/\/www.edextintores.com.br\/site\/extintores-de-incendio-em-santos\/extintores-automotivos-em-santos\/#breadcrumb\",\"itemListElement\":[{\"@type\":\"ListItem\",\"position\":1,\"name\":\"In\u00edcio\",\"item\":\"https:\/\/www.edextintores.com.br\/site\/\"},{\"@type\":\"ListItem\",\"position\":2,\"name\":\"Produtos\",\"item\":\"https:\/\/www.edextintores.com.br\/site\/extintores-de-incendio-em-santos\/\"},{\"@type\":\"ListItem\",\"position\":3,\"name\":\"Extintores Automotivos\"}]},{\"@type\":\"WebSite\",\"@id\":\"https:\/\/www.edextintores.com.br\/site\/#website\",\"url\":\"https:\/\/www.edextintores.com.br\/site\/\",\"name\":\"E.D. Extintores\",\"description\":\"Extintores em Santos\",\"potentialAction\":[{\"@type\":\"SearchAction\",\"target\":{\"@type\":\"EntryPoint\",\"urlTemplate\":\"https:\/\/www.edextintores.com.br\/site\/?s={search_term_string}\"},\"query-input\":{\"@type\":\"PropertyValueSpecification\",\"valueRequired\":true,\"valueName\":\"search_term_string\"}}],\"inLanguage\":\"pt-BR\"}]}<\/script>\n<!-- \/ Yoast SEO plugin. -->","yoast_head_json":{"title":"Extintores Automotivos em Santos | E.D. Extintores","description":"Extintores Automotivos em Santos \u00e9 na E.D. Extintores! Fornecemos produtos e servi\u00e7os de qualidade na \u00e1rea de combate a inc\u00eandio. Venha conferir!","robots":{"index":"index","follow":"follow","max-snippet":"max-snippet:-1","max-image-preview":"max-image-preview:large","max-video-preview":"max-video-preview:-1"},"canonical":"https:\/\/www.edextintores.com.br\/site\/extintores-de-incendio-em-santos\/extintores-automotivos-em-santos\/","og_locale":"pt_BR","og_type":"article","og_title":"Extintores Automotivos em Santos | E.D. Extintores","og_description":"Extintores Automotivos em Santos \u00e9 na E.D. Extintores! Fornecemos produtos e servi\u00e7os de qualidade na \u00e1rea de combate a inc\u00eandio. Venha conferir!","og_url":"https:\/\/www.edextintores.com.br\/site\/extintores-de-incendio-em-santos\/extintores-automotivos-em-santos\/","og_site_name":"E.D. Extintores","article_modified_time":"2025-03-17T17:26:42+00:00","twitter_card":"summary_large_image","twitter_misc":{"Est. tempo de leitura":"2 minutos"},"schema":{"@context":"https:\/\/schema.org","@graph":[{"@type":"WebPage","@id":"https:\/\/www.edextintores.com.br\/site\/extintores-de-incendio-em-santos\/extintores-automotivos-em-santos\/","url":"https:\/\/www.edextintores.com.br\/site\/extintores-de-incendio-em-santos\/extintores-automotivos-em-santos\/","name":"Extintores Automotivos em Santos | E.D. Extintores","isPartOf":{"@id":"https:\/\/www.edextintores.com.br\/site\/#website"},"datePublished":"2019-08-14T19:02:50+00:00","dateModified":"2025-03-17T17:26:42+00:00","description":"Extintores Automotivos em Santos \u00e9 na E.D. Extintores! Fornecemos produtos e servi\u00e7os de qualidade na \u00e1rea de combate a inc\u00eandio. Venha conferir!","breadcrumb":{"@id":"https:\/\/www.edextintores.com.br\/site\/extintores-de-incendio-em-santos\/extintores-automotivos-em-santos\/#breadcrumb"},"inLanguage":"pt-BR","potentialAction":[{"@type":"ReadAction","target":["https:\/\/www.edextintores.com.br\/site\/extintores-de-incendio-em-santos\/extintores-automotivos-em-santos\/"]}]},{"@type":"BreadcrumbList","@id":"https:\/\/www.edextintores.com.br\/site\/extintores-de-incendio-em-santos\/extintores-automotivos-em-santos\/#breadcrumb","itemListElement":[{"@type":"ListItem","position":1,"name":"In\u00edcio","item":"https:\/\/www.edextintores.com.br\/site\/"},{"@type":"ListItem","position":2,"name":"Produtos","item":"https:\/\/www.edextintores.com.br\/site\/extintores-de-incendio-em-santos\/"},{"@type":"ListItem","position":3,"name":"Extintores Automotivos"}]},{"@type":"WebSite","@id":"https:\/\/www.edextintores.com.br\/site\/#website","url":"https:\/\/www.edextintores.com.br\/site\/","name":"E.D. Extintores","description":"Extintores em Santos","potentialAction":[{"@type":"SearchAction","target":{"@type":"EntryPoint","urlTemplate":"https:\/\/www.edextintores.com.br\/site\/?s={search_term_string}"},"query-input":{"@type":"PropertyValueSpecification","valueRequired":true,"valueName":"search_term_string"}}],"inLanguage":"pt-BR"}]}},"_links":{"self":[{"href":"https:\/\/www.edextintores.com.br\/site\/wp-json\/wp\/v2\/pages\/369","targetHints":{"allow":["GET"]}}],"collection":[{"href":"https:\/\/www.edextintores.com.br\/site\/wp-json\/wp\/v2\/pages"}],"about":[{"href":"https:\/\/www.edextintores.com.br\/site\/wp-json\/wp\/v2\/types\/page"}],"author":[{"embeddable":true,"href":"https:\/\/www.edextintores.com.br\/site\/wp-json\/wp\/v2\/users\/3"}],"replies":[{"embeddable":true,"href":"https:\/\/www.edextintores.com.br\/site\/wp-json\/wp\/v2\/comments?post=369"}],"version-history":[{"count":5,"href":"https:\/\/www.edextintores.com.br\/site\/wp-json\/wp\/v2\/pages\/369\/revisions"}],"predecessor-version":[{"id":956,"href":"https:\/\/www.edextintores.com.br\/site\/wp-json\/wp\/v2\/pages\/369\/revisions\/956"}],"up":[{"embeddable":true,"href":"https:\/\/www.edextintores.com.br\/site\/wp-json\/wp\/v2\/pages\/27"}],"wp:attachment":[{"href":"https:\/\/www.edextintores.com.br\/site\/wp-json\/wp\/v2\/media?parent=369"}],"curies":[{"name":"wp","href":"https:\/\/api.w.org\/{rel}","templated":true}]}}