{"id":447,"date":"2019-10-16T13:38:25","date_gmt":"2019-10-16T16:38:25","guid":{"rendered":"http:\/\/www.edextintores.com.br\/site\/?page_id=447"},"modified":"2025-03-17T14:25:26","modified_gmt":"2025-03-17T17:25:26","slug":"abrigo-para-extintor-em-santos","status":"publish","type":"page","link":"https:\/\/www.edextintores.com.br\/site\/extintores-de-incendio-em-santos\/abrigo-para-extintor-em-santos\/","title":{"rendered":"Abrigo para Extintor"},"content":{"rendered":"<p><div  class=\"fusion-fullwidth fullwidth-box fusion-parallax-none nonhundred-percent-fullwidth\"  style='background-color: #1d1d1d;background-image: url(\"http:\/\/www.edextintores.com.br\/site\/wp-content\/uploads\/2017\/08\/Extintores-em-Santos-Title-BG.jpg\");background-position: center center;background-repeat: no-repeat;padding-top:64px;padding-bottom:80px;-webkit-background-size:cover;-moz-background-size:cover;-o-background-size:cover;background-size:cover;background-attachment:none;'><div class=\"fusion-builder-row fusion-row \"><div  class=\"fusion-layout-column fusion_builder_column fusion_builder_column_1_1  fusion-one-full fusion-column-first fusion-column-last 1_1\"  style='margin-top:0px;margin-bottom:20px;'>\n\t\t\t\t\t<div class=\"fusion-column-wrapper\" style=\"background-position:left top;background-repeat:no-repeat;-webkit-background-size:cover;-moz-background-size:cover;-o-background-size:cover;background-size:cover;\"  data-bg-url=\"\">\n\t\t\t\t\t\t<h1 style=\"text-align: center;\">ABRIGO PARA EXTINTOR<\/h1>\n<div class=\"fusion-sep-clear\"><\/div><div class=\"fusion-separator sep-single sep-solid\" style=\"border-color:#ed3237;border-top-width:3px;margin-left: auto;margin-right: auto;margin-top:0px;margin-bottom:0px;width:100%;max-width:60px;\"><\/div><div class=\"fusion-clearfix\"><\/div>\n\n\t\t\t\t\t<\/div>\n\t\t\t\t<\/div><\/div><\/div><div  class=\"fusion-fullwidth fullwidth-box nonhundred-percent-fullwidth\"  style='background-color: #2d2d2d;background-position: center center;background-repeat: no-repeat;padding-top:21px;padding-bottom:80px;'><div class=\"fusion-builder-row fusion-row \"><div  class=\"fusion-layout-column fusion_builder_column fusion_builder_column_1_1  fusion-one-full fusion-column-first fusion-column-last 1_1\"  style='margin-top:0px;margin-bottom:20px;'>\n\t\t\t\t\t<div class=\"fusion-column-wrapper\" style=\"background-position:left top;background-repeat:no-repeat;-webkit-background-size:cover;-moz-background-size:cover;-o-background-size:cover;background-size:cover;\"  data-bg-url=\"\">\n\t\t\t\t\t\t<h6 style=\"color: #2d2d2d; font-size: 3px;\">Abrigo para Extintor em Santos | E.D. Extintores<\/h6>\n<p><span style=\"color: #2d2d2d; font-size: 3px;\">Abrigo para Extintor em Santos | E.D. Extintores<\/span><\/p>\n<div class=\"fusion-clearfix\"><\/div>\n\n\t\t\t\t\t<\/div>\n\t\t\t\t<\/div><div  class=\"fusion-layout-column fusion_builder_column fusion_builder_column_1_4  fusion-one-fourth fusion-column-first 1_4\"  style='margin-top:0px;margin-bottom:20px;width:25%;width:calc(25% - ( ( 4% ) * 0.25 ) );margin-right: 4%;'>\n\t\t\t\t\t<div class=\"fusion-column-wrapper\" style=\"background-position:left top;background-repeat:no-repeat;-webkit-background-size:cover;-moz-background-size:cover;-o-background-size:cover;background-size:cover;\"  data-bg-url=\"\">\n\t\t\t\t\t\t<div class=\"imageframe-align-center\"><span class=\"fusion-imageframe imageframe-none imageframe-1 hover-type-none\"><a href=\"http:\/\/www.edextintores.com.br\/site\/wp-content\/uploads\/2019\/10\/Abrigo-para-Extintor-em-Santos.jpg\" class=\"fusion-lightbox\" data-rel=\"iLightbox[galeria]\"><img decoding=\"async\" src=\"http:\/\/www.edextintores.com.br\/site\/wp-content\/uploads\/2019\/10\/Abrigo-para-Extintor-em-Santos.jpg\" width=\"\" height=\"\" alt=\"Abrigo para Extintor em Santos\" class=\"img-responsive\"\/><\/a><\/span><\/div><div class=\"fusion-sep-clear\"><\/div><div class=\"fusion-separator fusion-full-width-sep sep-none\" style=\"margin-left: auto;margin-right: auto;margin-top:20px;\"><\/div><p style=\"text-align: center;\">Altura: 82cm<br \/>\nLargura: 35cm<br \/>\nProfundidade: 25cm<br \/>\nCapacidade: Universal<br \/>\nPeso aprox.: 6kg<\/p>\n<div class=\"fusion-clearfix\"><\/div>\n\n\t\t\t\t\t<\/div>\n\t\t\t\t<\/div><div  class=\"fusion-layout-column fusion_builder_column fusion_builder_column_3_4  fusion-three-fourth fusion-column-last 3_4\"  style='margin-top:0px;margin-bottom:20px;width:75%;width:calc(75% - ( ( 4% ) * 0.75 ) );'>\n\t\t\t\t\t<div class=\"fusion-column-wrapper\" style=\"background-position:left top;background-repeat:no-repeat;-webkit-background-size:cover;-moz-background-size:cover;-o-background-size:cover;background-size:cover;\"  data-bg-url=\"\">\n\t\t\t\t\t\t<h2>Abrigo para Extintor<\/h2>\n<p style=\"text-align: justify;\">Os abrigos em fibra de vidro, para extintor, s\u00e3o pr\u00f3prios para ambientes corrosivos ou sob a\u00e7\u00e3o das intemp\u00e9ries. Fabricados com dobradi\u00e7as e fechaduras em a\u00e7o inox 304, fixados com rebites em alum\u00ednio, puxador em Poliamida + PRFV e visor de poliestireno cristal 1,5mm com perfil de borracha \u201cS\u201d para acabamento e veda\u00e7\u00e3o.<\/p>\n<p style=\"text-align: justify;\">Os abrigos em Fiberglass s\u00e3o pigmentados com Gel Coat Vermelho durante o processo de fabrica\u00e7\u00e3o, dispensando pintura. Esse Gel Coat possui redutor de raios UV\u2019s, prolongando a durabilidade das pe\u00e7as quando expostas ao sol.<\/p>\n<p style=\"text-align: justify;\">As pe\u00e7as possuem refor\u00e7o na parte traseira, aumentando a resist\u00eancia da pe\u00e7a, pois contrariamente aos abrigos de chapa de a\u00e7o, os arm\u00e1rios de fibra s\u00e3o mais flex\u00edveis, necessitando desses refor\u00e7os.<\/p>\n<p style=\"text-align: justify;\">As aletas de ventila\u00e7\u00e3o (respiro) s\u00e3o localizadas abaixo do visor.<\/p>\n<p style=\"text-align: justify;\">A porta \u00e9 sobreposta \u00e0 Caixa, evitando infiltra\u00e7\u00f5es de \u00e1gua e dispensando o uso de pingadeiras.<\/p>\n<p style=\"text-align: justify;\">Os arm\u00e1rios em Fibra de Vidro s\u00e3o lav\u00e1veis (\u00e1gua e sab\u00e3o).<\/p>\n<p style=\"text-align: justify;\">Se periodicamente for aplicado em sua superf\u00edcie, cera ou flu\u00eddo de silicone automotivo, a pe\u00e7a ter\u00e1 maior durabilidade.<\/p>\n<p style=\"text-align: justify;\">O material destes Abrigos \u00e9 o PRFV \u2013 Pl\u00e1stico Refor\u00e7ado com Fibras de Vidro.<\/p>\n<p style=\"text-align: justify;\">A resina pl\u00e1stica \u00e9 respons\u00e1vel pela resist\u00eancia \u00e0 corros\u00e3o, e a Fibra de Vidro, pela resist\u00eancia mec\u00e2nica.<\/p>\n<p style=\"text-align: justify;\"><em>*Os extintores n\u00e3o acompanham os abrigos.<br \/> *** Nossos abrigos s\u00e3o sempre de SOBREPOR, nunca de EMBUTIR.<\/em><\/p>\n<div class=\"fusion-clearfix\"><\/div>\n\n\t\t\t\t\t<\/div>\n\t\t\t\t<\/div><\/div><\/div><\/p>\n","protected":false},"excerpt":{"rendered":"","protected":false},"author":3,"featured_media":0,"parent":27,"menu_order":0,"comment_status":"closed","ping_status":"closed","template":"100-width.php","meta":{"footnotes":""},"class_list":["post-447","page","type-page","status-publish","hentry"],"yoast_head":"<!-- This site is optimized with the Yoast SEO plugin v26.5 - https:\/\/yoast.com\/wordpress\/plugins\/seo\/ -->\n<title>Abrigo para Extintor em Santos | E.D. Extintores<\/title>\n<meta name=\"description\" content=\"Abrigo para Extintor em Santos \u00e9 na E.D. Extintores! Fornecemos produtos e servi\u00e7os de qualidade na \u00e1rea de combate a inc\u00eandio.\" \/>\n<meta name=\"robots\" content=\"index, follow, max-snippet:-1, max-image-preview:large, max-video-preview:-1\" \/>\n<link rel=\"canonical\" href=\"https:\/\/www.edextintores.com.br\/site\/extintores-de-incendio-em-santos\/abrigo-para-extintor-em-santos\/\" \/>\n<meta property=\"og:locale\" content=\"pt_BR\" \/>\n<meta property=\"og:type\" content=\"article\" \/>\n<meta property=\"og:title\" content=\"Abrigo para Extintor em Santos | E.D. Extintores\" \/>\n<meta property=\"og:description\" content=\"Abrigo para Extintor em Santos \u00e9 na E.D. Extintores! Fornecemos produtos e servi\u00e7os de qualidade na \u00e1rea de combate a inc\u00eandio.\" \/>\n<meta property=\"og:url\" content=\"https:\/\/www.edextintores.com.br\/site\/extintores-de-incendio-em-santos\/abrigo-para-extintor-em-santos\/\" \/>\n<meta property=\"og:site_name\" content=\"E.D. Extintores\" \/>\n<meta property=\"article:modified_time\" content=\"2025-03-17T17:25:26+00:00\" \/>\n<meta name=\"twitter:card\" content=\"summary_large_image\" \/>\n<meta name=\"twitter:label1\" content=\"Est. tempo de leitura\" \/>\n\t<meta name=\"twitter:data1\" content=\"3 minutos\" \/>\n<script type=\"application\/ld+json\" class=\"yoast-schema-graph\">{\"@context\":\"https:\/\/schema.org\",\"@graph\":[{\"@type\":\"WebPage\",\"@id\":\"https:\/\/www.edextintores.com.br\/site\/extintores-de-incendio-em-santos\/abrigo-para-extintor-em-santos\/\",\"url\":\"https:\/\/www.edextintores.com.br\/site\/extintores-de-incendio-em-santos\/abrigo-para-extintor-em-santos\/\",\"name\":\"Abrigo para Extintor em Santos | E.D. Extintores\",\"isPartOf\":{\"@id\":\"https:\/\/www.edextintores.com.br\/site\/#website\"},\"datePublished\":\"2019-10-16T16:38:25+00:00\",\"dateModified\":\"2025-03-17T17:25:26+00:00\",\"description\":\"Abrigo para Extintor em Santos \u00e9 na E.D. Extintores! Fornecemos produtos e servi\u00e7os de qualidade na \u00e1rea de combate a inc\u00eandio.\",\"breadcrumb\":{\"@id\":\"https:\/\/www.edextintores.com.br\/site\/extintores-de-incendio-em-santos\/abrigo-para-extintor-em-santos\/#breadcrumb\"},\"inLanguage\":\"pt-BR\",\"potentialAction\":[{\"@type\":\"ReadAction\",\"target\":[\"https:\/\/www.edextintores.com.br\/site\/extintores-de-incendio-em-santos\/abrigo-para-extintor-em-santos\/\"]}]},{\"@type\":\"BreadcrumbList\",\"@id\":\"https:\/\/www.edextintores.com.br\/site\/extintores-de-incendio-em-santos\/abrigo-para-extintor-em-santos\/#breadcrumb\",\"itemListElement\":[{\"@type\":\"ListItem\",\"position\":1,\"name\":\"In\u00edcio\",\"item\":\"https:\/\/www.edextintores.com.br\/site\/\"},{\"@type\":\"ListItem\",\"position\":2,\"name\":\"Produtos\",\"item\":\"https:\/\/www.edextintores.com.br\/site\/extintores-de-incendio-em-santos\/\"},{\"@type\":\"ListItem\",\"position\":3,\"name\":\"Abrigo para Extintor\"}]},{\"@type\":\"WebSite\",\"@id\":\"https:\/\/www.edextintores.com.br\/site\/#website\",\"url\":\"https:\/\/www.edextintores.com.br\/site\/\",\"name\":\"E.D. Extintores\",\"description\":\"Extintores em Santos\",\"potentialAction\":[{\"@type\":\"SearchAction\",\"target\":{\"@type\":\"EntryPoint\",\"urlTemplate\":\"https:\/\/www.edextintores.com.br\/site\/?s={search_term_string}\"},\"query-input\":{\"@type\":\"PropertyValueSpecification\",\"valueRequired\":true,\"valueName\":\"search_term_string\"}}],\"inLanguage\":\"pt-BR\"}]}<\/script>\n<!-- \/ Yoast SEO plugin. -->","yoast_head_json":{"title":"Abrigo para Extintor em Santos | E.D. Extintores","description":"Abrigo para Extintor em Santos \u00e9 na E.D. Extintores! Fornecemos produtos e servi\u00e7os de qualidade na \u00e1rea de combate a inc\u00eandio.","robots":{"index":"index","follow":"follow","max-snippet":"max-snippet:-1","max-image-preview":"max-image-preview:large","max-video-preview":"max-video-preview:-1"},"canonical":"https:\/\/www.edextintores.com.br\/site\/extintores-de-incendio-em-santos\/abrigo-para-extintor-em-santos\/","og_locale":"pt_BR","og_type":"article","og_title":"Abrigo para Extintor em Santos | E.D. Extintores","og_description":"Abrigo para Extintor em Santos \u00e9 na E.D. Extintores! Fornecemos produtos e servi\u00e7os de qualidade na \u00e1rea de combate a inc\u00eandio.","og_url":"https:\/\/www.edextintores.com.br\/site\/extintores-de-incendio-em-santos\/abrigo-para-extintor-em-santos\/","og_site_name":"E.D. Extintores","article_modified_time":"2025-03-17T17:25:26+00:00","twitter_card":"summary_large_image","twitter_misc":{"Est. tempo de leitura":"3 minutos"},"schema":{"@context":"https:\/\/schema.org","@graph":[{"@type":"WebPage","@id":"https:\/\/www.edextintores.com.br\/site\/extintores-de-incendio-em-santos\/abrigo-para-extintor-em-santos\/","url":"https:\/\/www.edextintores.com.br\/site\/extintores-de-incendio-em-santos\/abrigo-para-extintor-em-santos\/","name":"Abrigo para Extintor em Santos | E.D. Extintores","isPartOf":{"@id":"https:\/\/www.edextintores.com.br\/site\/#website"},"datePublished":"2019-10-16T16:38:25+00:00","dateModified":"2025-03-17T17:25:26+00:00","description":"Abrigo para Extintor em Santos \u00e9 na E.D. Extintores! Fornecemos produtos e servi\u00e7os de qualidade na \u00e1rea de combate a inc\u00eandio.","breadcrumb":{"@id":"https:\/\/www.edextintores.com.br\/site\/extintores-de-incendio-em-santos\/abrigo-para-extintor-em-santos\/#breadcrumb"},"inLanguage":"pt-BR","potentialAction":[{"@type":"ReadAction","target":["https:\/\/www.edextintores.com.br\/site\/extintores-de-incendio-em-santos\/abrigo-para-extintor-em-santos\/"]}]},{"@type":"BreadcrumbList","@id":"https:\/\/www.edextintores.com.br\/site\/extintores-de-incendio-em-santos\/abrigo-para-extintor-em-santos\/#breadcrumb","itemListElement":[{"@type":"ListItem","position":1,"name":"In\u00edcio","item":"https:\/\/www.edextintores.com.br\/site\/"},{"@type":"ListItem","position":2,"name":"Produtos","item":"https:\/\/www.edextintores.com.br\/site\/extintores-de-incendio-em-santos\/"},{"@type":"ListItem","position":3,"name":"Abrigo para Extintor"}]},{"@type":"WebSite","@id":"https:\/\/www.edextintores.com.br\/site\/#website","url":"https:\/\/www.edextintores.com.br\/site\/","name":"E.D. Extintores","description":"Extintores em Santos","potentialAction":[{"@type":"SearchAction","target":{"@type":"EntryPoint","urlTemplate":"https:\/\/www.edextintores.com.br\/site\/?s={search_term_string}"},"query-input":{"@type":"PropertyValueSpecification","valueRequired":true,"valueName":"search_term_string"}}],"inLanguage":"pt-BR"}]}},"_links":{"self":[{"href":"https:\/\/www.edextintores.com.br\/site\/wp-json\/wp\/v2\/pages\/447","targetHints":{"allow":["GET"]}}],"collection":[{"href":"https:\/\/www.edextintores.com.br\/site\/wp-json\/wp\/v2\/pages"}],"about":[{"href":"https:\/\/www.edextintores.com.br\/site\/wp-json\/wp\/v2\/types\/page"}],"author":[{"embeddable":true,"href":"https:\/\/www.edextintores.com.br\/site\/wp-json\/wp\/v2\/users\/3"}],"replies":[{"embeddable":true,"href":"https:\/\/www.edextintores.com.br\/site\/wp-json\/wp\/v2\/comments?post=447"}],"version-history":[{"count":7,"href":"https:\/\/www.edextintores.com.br\/site\/wp-json\/wp\/v2\/pages\/447\/revisions"}],"predecessor-version":[{"id":954,"href":"https:\/\/www.edextintores.com.br\/site\/wp-json\/wp\/v2\/pages\/447\/revisions\/954"}],"up":[{"embeddable":true,"href":"https:\/\/www.edextintores.com.br\/site\/wp-json\/wp\/v2\/pages\/27"}],"wp:attachment":[{"href":"https:\/\/www.edextintores.com.br\/site\/wp-json\/wp\/v2\/media?parent=447"}],"curies":[{"name":"wp","href":"https:\/\/api.w.org\/{rel}","templated":true}]}}