{"id":49,"date":"2017-08-10T11:55:43","date_gmt":"2017-08-10T14:55:43","guid":{"rendered":"http:\/\/www.edextintores.com.br\/site\/?page_id=49"},"modified":"2025-03-17T11:48:27","modified_gmt":"2025-03-17T14:48:27","slug":"extintores-portateis-em-santos","status":"publish","type":"page","link":"https:\/\/www.edextintores.com.br\/site\/extintores-de-incendio-em-santos\/extintores-portateis-em-santos\/","title":{"rendered":"Extintores Port\u00e1teis"},"content":{"rendered":"<p><div  class=\"fusion-fullwidth fullwidth-box fusion-parallax-none nonhundred-percent-fullwidth\"  style='background-color: #1d1d1d;background-image: url(\"http:\/\/www.edextintores.com.br\/site\/wp-content\/uploads\/2017\/08\/Extintores-em-Santos-Title-BG.jpg\");background-position: center center;background-repeat: no-repeat;padding-top:64px;padding-bottom:80px;-webkit-background-size:cover;-moz-background-size:cover;-o-background-size:cover;background-size:cover;background-attachment:none;'><div class=\"fusion-builder-row fusion-row \"><div  class=\"fusion-layout-column fusion_builder_column fusion_builder_column_1_1  fusion-one-full fusion-column-first fusion-column-last 1_1\"  style='margin-top:0px;margin-bottom:20px;'>\n\t\t\t\t\t<div class=\"fusion-column-wrapper\" style=\"background-position:left top;background-repeat:no-repeat;-webkit-background-size:cover;-moz-background-size:cover;-o-background-size:cover;background-size:cover;\"  data-bg-url=\"\">\n\t\t\t\t\t\t<h1 style=\"text-align: center;\">EXTINTORES PORT\u00c1TEIS<\/h1>\n<div class=\"fusion-sep-clear\"><\/div><div class=\"fusion-separator sep-single sep-solid\" style=\"border-color:#ed3237;border-top-width:3px;margin-left: auto;margin-right: auto;margin-top:0px;margin-bottom:0px;width:100%;max-width:60px;\"><\/div><div class=\"fusion-clearfix\"><\/div>\n\n\t\t\t\t\t<\/div>\n\t\t\t\t<\/div><\/div><\/div><div  class=\"fusion-fullwidth fullwidth-box nonhundred-percent-fullwidth\"  style='background-color: #2d2d2d;background-position: center center;background-repeat: no-repeat;padding-top:21px;padding-bottom:80px;'><div class=\"fusion-builder-row fusion-row \"><div  class=\"fusion-layout-column fusion_builder_column fusion_builder_column_1_1  fusion-one-full fusion-column-first fusion-column-last 1_1\"  style='margin-top:0px;margin-bottom:20px;'>\n\t\t\t\t\t<div class=\"fusion-column-wrapper\" style=\"background-position:left top;background-repeat:no-repeat;-webkit-background-size:cover;-moz-background-size:cover;-o-background-size:cover;background-size:cover;\"  data-bg-url=\"\">\n\t\t\t\t\t\t<h6 style=\"color: #2d2d2d; font-size: 3px;\">Extintores Port\u00e1teis em Santos | E.D. Extintores<\/h6>\n<p><span style=\"color: #2d2d2d; font-size: 3px;\">Extintores Port\u00e1teis em Santos | E.D. Extintores<\/span><\/p>\n<div class=\"fusion-clearfix\"><\/div>\n\n\t\t\t\t\t<\/div>\n\t\t\t\t<\/div><div  class=\"fusion-layout-column fusion_builder_column fusion_builder_column_1_4  fusion-one-fourth fusion-column-first 1_4\"  style='margin-top:0px;margin-bottom:20px;width:25%;width:calc(25% - ( ( 4% ) * 0.25 ) );margin-right: 4%;'>\n\t\t\t\t\t<div class=\"fusion-column-wrapper\" style=\"background-position:left top;background-repeat:no-repeat;-webkit-background-size:cover;-moz-background-size:cover;-o-background-size:cover;background-size:cover;\"  data-bg-url=\"\">\n\t\t\t\t\t\t<div class=\"imageframe-align-center\"><span class=\"fusion-imageframe imageframe-none imageframe-1 hover-type-none\"><a href=\"http:\/\/www.edextintores.com.br\/site\/wp-content\/uploads\/2017\/08\/Extintores-em-Santos-Extintor-Agua-10-L.jpg\" class=\"fusion-lightbox\" data-rel=\"iLightbox[galeria]\"><img decoding=\"async\" src=\"http:\/\/www.edextintores.com.br\/site\/wp-content\/uploads\/2017\/08\/Extintores-em-Santos-Extintor-Agua-10-L.jpg\" width=\"\" height=\"\" alt=\"Extintores Port\u00e1teis em Santos \" class=\"img-responsive\"\/><\/a><\/span><\/div><div class=\"fusion-clearfix\"><\/div>\n\n\t\t\t\t\t<\/div>\n\t\t\t\t<\/div><div  class=\"fusion-layout-column fusion_builder_column fusion_builder_column_3_4  fusion-three-fourth fusion-column-last 3_4\"  style='margin-top:0px;margin-bottom:20px;width:75%;width:calc(75% - ( ( 4% ) * 0.75 ) );'>\n\t\t\t\t\t<div class=\"fusion-column-wrapper\" style=\"background-position:left top;background-repeat:no-repeat;-webkit-background-size:cover;-moz-background-size:cover;-o-background-size:cover;background-size:cover;\"  data-bg-url=\"\">\n\t\t\t\t\t\t<div class=\"fusion-sep-clear\"><\/div><div class=\"fusion-separator fusion-full-width-sep sep-none\" style=\"margin-left: auto;margin-right: auto;margin-top:34px;\"><\/div><h2>Extintor com carga de \u00e1gua (10l)<\/h2>\n<p style=\"text-align: justify;\">Extintores de \u00c1gua Pressurizada Fabricados de acordo com as normas, os extintores tipo \u00e1gua s\u00e3o indicados para combater inc\u00eandios da classe A (combust\u00edveis s\u00f3lidos tipo papel, madeira, tecidos, etc.). A \u00e1gua resfria os materiais tornando sua temperatura inferior ao ponto de igni\u00e7\u00e3o. A penetra\u00e7\u00e3o e a camada de \u00e1gua formada na superf\u00edcie do material dificultam a propaga\u00e7\u00e3o do inc\u00eandio. Aten\u00e7\u00e3o: este extintor nunca deve ser utilizado em equipamentos el\u00e9tricos\/energizados (classe C) e inc\u00eandios de l\u00edquidos inflam\u00e1veis (classe B). Extintor port\u00e1til de f\u00e1cil manuseio e muito utilizado para combate a princ\u00edpios de inc\u00eandio da classe A, para pequenas \u00e1reas.<\/p>\n<div class=\"fusion-clearfix\"><\/div>\n\n\t\t\t\t\t<\/div>\n\t\t\t\t<\/div><div  class=\"fusion-layout-column fusion_builder_column fusion_builder_column_1_1  fusion-one-full fusion-column-first fusion-column-last 1_1\"  style='margin-top:0px;margin-bottom:20px;'>\n\t\t\t\t\t<div class=\"fusion-column-wrapper\" style=\"background-position:left top;background-repeat:no-repeat;-webkit-background-size:cover;-moz-background-size:cover;-o-background-size:cover;background-size:cover;\"  data-bg-url=\"\">\n\t\t\t\t\t\t<div class=\"fusion-sep-clear\"><\/div><div class=\"fusion-separator fusion-full-width-sep sep-single sep-solid\" style=\"border-color:#ffffff;border-top-width:1px;margin-left: auto;margin-right: auto;margin-top:79px;margin-bottom:80px;\"><\/div><div class=\"fusion-clearfix\"><\/div>\n\n\t\t\t\t\t<\/div>\n\t\t\t\t<\/div><div  class=\"fusion-layout-column fusion_builder_column fusion_builder_column_1_4  fusion-one-fourth fusion-column-first 1_4\"  style='margin-top:0px;margin-bottom:20px;width:25%;width:calc(25% - ( ( 4% ) * 0.25 ) );margin-right: 4%;'>\n\t\t\t\t\t<div class=\"fusion-column-wrapper\" style=\"background-position:left top;background-repeat:no-repeat;-webkit-background-size:cover;-moz-background-size:cover;-o-background-size:cover;background-size:cover;\"  data-bg-url=\"\">\n\t\t\t\t\t\t<div class=\"imageframe-align-center\"><span class=\"fusion-imageframe imageframe-none imageframe-2 hover-type-none\"><a href=\"http:\/\/www.edextintores.com.br\/site\/wp-content\/uploads\/2017\/08\/Extintores-em-Santos-Extintor-CO2-6-kg.jpg\" class=\"fusion-lightbox\" data-rel=\"iLightbox[galeria]\"><img decoding=\"async\" src=\"http:\/\/www.edextintores.com.br\/site\/wp-content\/uploads\/2017\/08\/Extintores-em-Santos-Extintor-CO2-6-kg.jpg\" width=\"\" height=\"\" alt=\"Extintores Port\u00e1teis\" class=\"img-responsive\"\/><\/a><\/span><\/div><div class=\"fusion-clearfix\"><\/div>\n\n\t\t\t\t\t<\/div>\n\t\t\t\t<\/div><div  class=\"fusion-layout-column fusion_builder_column fusion_builder_column_3_4  fusion-three-fourth fusion-column-last 3_4\"  style='margin-top:0px;margin-bottom:20px;width:75%;width:calc(75% - ( ( 4% ) * 0.75 ) );'>\n\t\t\t\t\t<div class=\"fusion-column-wrapper\" style=\"background-position:left top;background-repeat:no-repeat;-webkit-background-size:cover;-moz-background-size:cover;-o-background-size:cover;background-size:cover;\"  data-bg-url=\"\">\n\t\t\t\t\t\t<div class=\"fusion-sep-clear\"><\/div><div class=\"fusion-separator fusion-full-width-sep sep-none\" style=\"margin-left: auto;margin-right: auto;margin-top:44px;\"><\/div><h2>Extintor com carga de CO2 (di\u00f3xido de carbono) (6kg)<\/h2>\n<p style=\"text-align: justify;\">Extintores de G\u00e1s Carb\u00f4nico (Di\u00f3xido de Carbono) \u00e9 indicado para inc\u00eandios das classes B e C. Atua por abafamento, criando uma camada gasosa e isolando o oxig\u00eanio. Seu efeito de resfriamento dos materiais permite que ele seja utilizado como aux\u00edlio no combate a inc\u00eandios de classe A. O g\u00e1s carb\u00f4nico \u00e9 um agente limpo, inodoro, que n\u00e3o deixa res\u00edduos e n\u00e3o danifica os equipamentos. Extintores port\u00e1teis de f\u00e1cil manuseio e indicado para o combate a princ\u00edpio de inc\u00eandio de l\u00edquidos e gases inflam\u00e1veis e equipamentos energizados. Devido \u00e0 sua propriedade de n\u00e3o deixar res\u00edduos, s\u00e3o muito indicados em: salas de m\u00e1quinas CPd\u00b4s, centrais telef\u00f4nicas, m\u00e1quinas, etc.<\/p>\n<div class=\"fusion-clearfix\"><\/div>\n\n\t\t\t\t\t<\/div>\n\t\t\t\t<\/div><div  class=\"fusion-layout-column fusion_builder_column fusion_builder_column_1_1  fusion-one-full fusion-column-first fusion-column-last 1_1\"  style='margin-top:0px;margin-bottom:20px;'>\n\t\t\t\t\t<div class=\"fusion-column-wrapper\" style=\"background-position:left top;background-repeat:no-repeat;-webkit-background-size:cover;-moz-background-size:cover;-o-background-size:cover;background-size:cover;\"  data-bg-url=\"\">\n\t\t\t\t\t\t<div class=\"fusion-sep-clear\"><\/div><div class=\"fusion-separator fusion-full-width-sep sep-single sep-solid\" style=\"border-color:#ffffff;border-top-width:1px;margin-left: auto;margin-right: auto;margin-top:79px;margin-bottom:80px;\"><\/div><div class=\"fusion-clearfix\"><\/div>\n\n\t\t\t\t\t<\/div>\n\t\t\t\t<\/div><div  class=\"fusion-layout-column fusion_builder_column fusion_builder_column_1_4  fusion-one-fourth fusion-column-first 1_4\"  style='margin-top:0px;margin-bottom:20px;width:25%;width:calc(25% - ( ( 4% ) * 0.25 ) );margin-right: 4%;'>\n\t\t\t\t\t<div class=\"fusion-column-wrapper\" style=\"background-position:left top;background-repeat:no-repeat;-webkit-background-size:cover;-moz-background-size:cover;-o-background-size:cover;background-size:cover;\"  data-bg-url=\"\">\n\t\t\t\t\t\t<div class=\"imageframe-align-center\"><span class=\"fusion-imageframe imageframe-none imageframe-3 hover-type-none\"><a href=\"http:\/\/www.edextintores.com.br\/site\/wp-content\/uploads\/2017\/08\/extintores.png\" class=\"fusion-lightbox\" data-rel=\"iLightbox[galeria]\"><img decoding=\"async\" src=\"http:\/\/www.edextintores.com.br\/site\/wp-content\/uploads\/2017\/08\/extintores.png\" width=\"\" height=\"\" alt=\"Extintores Port\u00e1teis\" class=\"img-responsive\"\/><\/a><\/span><\/div><div class=\"fusion-clearfix\"><\/div>\n\n\t\t\t\t\t<\/div>\n\t\t\t\t<\/div><div  class=\"fusion-layout-column fusion_builder_column fusion_builder_column_3_4  fusion-three-fourth fusion-column-last 3_4\"  style='margin-top:0px;margin-bottom:20px;width:75%;width:calc(75% - ( ( 4% ) * 0.75 ) );'>\n\t\t\t\t\t<div class=\"fusion-column-wrapper\" style=\"background-position:left top;background-repeat:no-repeat;-webkit-background-size:cover;-moz-background-size:cover;-o-background-size:cover;background-size:cover;\"  data-bg-url=\"\">\n\t\t\t\t\t\t<div class=\"fusion-sep-clear\"><\/div><div class=\"fusion-separator fusion-full-width-sep sep-none\" style=\"margin-left: auto;margin-right: auto;margin-top:25px;\"><\/div><h2>Extintor com carga de p\u00f3 (4\/6\/8\/12kg)<\/h2>\n<p style=\"text-align: justify;\">Extintores de P\u00f3 Qu\u00edmico Seco &#8211; Estes equipamentos s\u00e3o fabricados em acordo com as normas, utilizam agente extintor \u00e0 base de Bicarbonato de S\u00f3dio. S\u00e3o extintores indicados para combater inc\u00eandios da classe B (l\u00edquidos inflam\u00e1veis) e C (equipamentos el\u00e9tricos). O agente extintor atua rapidamente sobre os materiais, resfriando-os, provocando o abafamento e interrompendo a cadeia de rea\u00e7\u00f5es qu\u00edmicas necess\u00e1rias \u00e0 alimenta\u00e7\u00e3o da rea\u00e7\u00e3o de combust\u00e3o. Em contato com superf\u00edcies quentes, este p\u00f3 n\u00e3o adere a superf\u00edcie, o que permite f\u00e1cil limpeza ap\u00f3s a extin\u00e7\u00e3o do fogo. Extintores port\u00e1teis leves, de f\u00e1cil manuseio e alta efici\u00eancia, muito utilizados no combate a princ\u00edpios de inc\u00eandio que requerem f\u00e1cil deslocamento do equipamento para proporcionar a prote\u00e7\u00e3o de \u00e1reas pequenas e m\u00e9dias.<\/p>\n<div class=\"fusion-clearfix\"><\/div>\n\n\t\t\t\t\t<\/div>\n\t\t\t\t<\/div><div  class=\"fusion-layout-column fusion_builder_column fusion_builder_column_1_1  fusion-one-full fusion-column-first fusion-column-last 1_1\"  style='margin-top:0px;margin-bottom:20px;'>\n\t\t\t\t\t<div class=\"fusion-column-wrapper\" style=\"background-position:left top;background-repeat:no-repeat;-webkit-background-size:cover;-moz-background-size:cover;-o-background-size:cover;background-size:cover;\"  data-bg-url=\"\">\n\t\t\t\t\t\t<div class=\"fusion-sep-clear\"><\/div><div class=\"fusion-separator fusion-full-width-sep sep-single sep-solid\" style=\"border-color:#ffffff;border-top-width:1px;margin-left: auto;margin-right: auto;margin-top:79px;margin-bottom:80px;\"><\/div><div class=\"fusion-clearfix\"><\/div>\n\n\t\t\t\t\t<\/div>\n\t\t\t\t<\/div><div  class=\"fusion-layout-column fusion_builder_column fusion_builder_column_1_4  fusion-one-fourth fusion-column-first 1_4\"  style='margin-top:0px;margin-bottom:20px;width:25%;width:calc(25% - ( ( 4% ) * 0.25 ) );margin-right: 4%;'>\n\t\t\t\t\t<div class=\"fusion-column-wrapper\" style=\"background-position:left top;background-repeat:no-repeat;-webkit-background-size:cover;-moz-background-size:cover;-o-background-size:cover;background-size:cover;\"  data-bg-url=\"\">\n\t\t\t\t\t\t<div class=\"imageframe-align-center\"><span class=\"fusion-imageframe imageframe-none imageframe-4 hover-type-none\"><a href=\"http:\/\/www.edextintores.com.br\/site\/wp-content\/uploads\/2017\/08\/Extintores-em-Santos-Extintor-de-Po-Quimico-ABC-1-2-4-6-8-12-kg.jpg\" class=\"fusion-lightbox\" data-rel=\"iLightbox[galeria]\"><img decoding=\"async\" src=\"http:\/\/www.edextintores.com.br\/site\/wp-content\/uploads\/2017\/08\/Extintores-em-Santos-Extintor-de-Po-Quimico-ABC-1-2-4-6-8-12-kg.jpg\" width=\"\" height=\"\" alt=\"Extintores Port\u00e1teis\" class=\"img-responsive\"\/><\/a><\/span><\/div><div class=\"fusion-clearfix\"><\/div>\n\n\t\t\t\t\t<\/div>\n\t\t\t\t<\/div><div  class=\"fusion-layout-column fusion_builder_column fusion_builder_column_3_4  fusion-three-fourth fusion-column-last 3_4\"  style='margin-top:0px;margin-bottom:20px;width:75%;width:calc(75% - ( ( 4% ) * 0.75 ) );'>\n\t\t\t\t\t<div class=\"fusion-column-wrapper\" style=\"background-position:left top;background-repeat:no-repeat;-webkit-background-size:cover;-moz-background-size:cover;-o-background-size:cover;background-size:cover;\"  data-bg-url=\"\">\n\t\t\t\t\t\t<h2>Extintor com carga de p\u00f3 qu\u00edmico ABC (1\/2\/4\/6\/8\/12kg)<\/h2>\n<p style=\"text-align: justify;\">Mantenha-se preparado para situa\u00e7\u00f5es de risco com extintores de acionamento simples e f\u00e1cil manuseio. Proporcionam uma resposta imediata e efetiva contra o fogo e por isso s\u00e3o equipamentos eficientes no combate a princ\u00edpios de inc\u00eandio.S\u00e3o ideais para o combate de fogo em materiais s\u00f3lidos, como: papel, papel\u00e3o, tecido, madeira; materiais inflam\u00e1veis, como: gases, l\u00edquidos inflam\u00e1veis, \u00e1lcool, diesel, gasolina, querosene, GLP; e materiais ou equipamentos energizados, como: instala\u00e7\u00f5es el\u00e9tricas, fios sobrecarregados, tomadas, fontes, transformadores, quadros de distribui\u00e7\u00e3o, motores entre outros.<\/p>\n<div class=\"fusion-sep-clear\"><\/div><div class=\"fusion-separator fusion-full-width-sep sep-none\" style=\"margin-left: auto;margin-right: auto;margin-top:25px;\"><\/div><div class=\"fusion-clearfix\"><\/div>\n\n\t\t\t\t\t<\/div>\n\t\t\t\t<\/div><\/div><\/div><\/p>\n","protected":false},"excerpt":{"rendered":"","protected":false},"author":3,"featured_media":0,"parent":27,"menu_order":0,"comment_status":"closed","ping_status":"closed","template":"100-width.php","meta":{"footnotes":""},"class_list":["post-49","page","type-page","status-publish","hentry"],"yoast_head":"<!-- This site is optimized with the Yoast SEO plugin v26.5 - https:\/\/yoast.com\/wordpress\/plugins\/seo\/ -->\n<title>Extintores Port\u00e1teis em Santos | E.D. Extintores<\/title>\n<meta name=\"description\" content=\"Extintores Port\u00e1teis em Santos \u00e9 na E.D. Extintores! Fornecemos produtos e servi\u00e7os de qualidade na \u00e1rea de combate a inc\u00eandio. Venha conferir!\" \/>\n<meta name=\"robots\" content=\"index, follow, max-snippet:-1, max-image-preview:large, max-video-preview:-1\" \/>\n<link rel=\"canonical\" href=\"https:\/\/www.edextintores.com.br\/site\/extintores-de-incendio-em-santos\/extintores-portateis-em-santos\/\" \/>\n<meta property=\"og:locale\" content=\"pt_BR\" \/>\n<meta property=\"og:type\" content=\"article\" \/>\n<meta property=\"og:title\" content=\"Extintores Port\u00e1teis em Santos | E.D. Extintores\" \/>\n<meta property=\"og:description\" content=\"Extintores Port\u00e1teis em Santos \u00e9 na E.D. Extintores! Fornecemos produtos e servi\u00e7os de qualidade na \u00e1rea de combate a inc\u00eandio. Venha conferir!\" \/>\n<meta property=\"og:url\" content=\"https:\/\/www.edextintores.com.br\/site\/extintores-de-incendio-em-santos\/extintores-portateis-em-santos\/\" \/>\n<meta property=\"og:site_name\" content=\"E.D. Extintores\" \/>\n<meta property=\"article:modified_time\" content=\"2025-03-17T14:48:27+00:00\" \/>\n<meta name=\"twitter:card\" content=\"summary_large_image\" \/>\n<meta name=\"twitter:label1\" content=\"Est. tempo de leitura\" \/>\n\t<meta name=\"twitter:data1\" content=\"6 minutos\" \/>\n<script type=\"application\/ld+json\" class=\"yoast-schema-graph\">{\"@context\":\"https:\/\/schema.org\",\"@graph\":[{\"@type\":\"WebPage\",\"@id\":\"https:\/\/www.edextintores.com.br\/site\/extintores-de-incendio-em-santos\/extintores-portateis-em-santos\/\",\"url\":\"https:\/\/www.edextintores.com.br\/site\/extintores-de-incendio-em-santos\/extintores-portateis-em-santos\/\",\"name\":\"Extintores Port\u00e1teis em Santos | E.D. Extintores\",\"isPartOf\":{\"@id\":\"https:\/\/www.edextintores.com.br\/site\/#website\"},\"datePublished\":\"2017-08-10T14:55:43+00:00\",\"dateModified\":\"2025-03-17T14:48:27+00:00\",\"description\":\"Extintores Port\u00e1teis em Santos \u00e9 na E.D. Extintores! Fornecemos produtos e servi\u00e7os de qualidade na \u00e1rea de combate a inc\u00eandio. Venha conferir!\",\"breadcrumb\":{\"@id\":\"https:\/\/www.edextintores.com.br\/site\/extintores-de-incendio-em-santos\/extintores-portateis-em-santos\/#breadcrumb\"},\"inLanguage\":\"pt-BR\",\"potentialAction\":[{\"@type\":\"ReadAction\",\"target\":[\"https:\/\/www.edextintores.com.br\/site\/extintores-de-incendio-em-santos\/extintores-portateis-em-santos\/\"]}]},{\"@type\":\"BreadcrumbList\",\"@id\":\"https:\/\/www.edextintores.com.br\/site\/extintores-de-incendio-em-santos\/extintores-portateis-em-santos\/#breadcrumb\",\"itemListElement\":[{\"@type\":\"ListItem\",\"position\":1,\"name\":\"In\u00edcio\",\"item\":\"https:\/\/www.edextintores.com.br\/site\/\"},{\"@type\":\"ListItem\",\"position\":2,\"name\":\"Produtos\",\"item\":\"https:\/\/www.edextintores.com.br\/site\/extintores-de-incendio-em-santos\/\"},{\"@type\":\"ListItem\",\"position\":3,\"name\":\"Extintores Port\u00e1teis\"}]},{\"@type\":\"WebSite\",\"@id\":\"https:\/\/www.edextintores.com.br\/site\/#website\",\"url\":\"https:\/\/www.edextintores.com.br\/site\/\",\"name\":\"E.D. Extintores\",\"description\":\"Extintores em Santos\",\"potentialAction\":[{\"@type\":\"SearchAction\",\"target\":{\"@type\":\"EntryPoint\",\"urlTemplate\":\"https:\/\/www.edextintores.com.br\/site\/?s={search_term_string}\"},\"query-input\":{\"@type\":\"PropertyValueSpecification\",\"valueRequired\":true,\"valueName\":\"search_term_string\"}}],\"inLanguage\":\"pt-BR\"}]}<\/script>\n<!-- \/ Yoast SEO plugin. -->","yoast_head_json":{"title":"Extintores Port\u00e1teis em Santos | E.D. Extintores","description":"Extintores Port\u00e1teis em Santos \u00e9 na E.D. Extintores! Fornecemos produtos e servi\u00e7os de qualidade na \u00e1rea de combate a inc\u00eandio. Venha conferir!","robots":{"index":"index","follow":"follow","max-snippet":"max-snippet:-1","max-image-preview":"max-image-preview:large","max-video-preview":"max-video-preview:-1"},"canonical":"https:\/\/www.edextintores.com.br\/site\/extintores-de-incendio-em-santos\/extintores-portateis-em-santos\/","og_locale":"pt_BR","og_type":"article","og_title":"Extintores Port\u00e1teis em Santos | E.D. Extintores","og_description":"Extintores Port\u00e1teis em Santos \u00e9 na E.D. Extintores! Fornecemos produtos e servi\u00e7os de qualidade na \u00e1rea de combate a inc\u00eandio. Venha conferir!","og_url":"https:\/\/www.edextintores.com.br\/site\/extintores-de-incendio-em-santos\/extintores-portateis-em-santos\/","og_site_name":"E.D. Extintores","article_modified_time":"2025-03-17T14:48:27+00:00","twitter_card":"summary_large_image","twitter_misc":{"Est. tempo de leitura":"6 minutos"},"schema":{"@context":"https:\/\/schema.org","@graph":[{"@type":"WebPage","@id":"https:\/\/www.edextintores.com.br\/site\/extintores-de-incendio-em-santos\/extintores-portateis-em-santos\/","url":"https:\/\/www.edextintores.com.br\/site\/extintores-de-incendio-em-santos\/extintores-portateis-em-santos\/","name":"Extintores Port\u00e1teis em Santos | E.D. Extintores","isPartOf":{"@id":"https:\/\/www.edextintores.com.br\/site\/#website"},"datePublished":"2017-08-10T14:55:43+00:00","dateModified":"2025-03-17T14:48:27+00:00","description":"Extintores Port\u00e1teis em Santos \u00e9 na E.D. Extintores! Fornecemos produtos e servi\u00e7os de qualidade na \u00e1rea de combate a inc\u00eandio. Venha conferir!","breadcrumb":{"@id":"https:\/\/www.edextintores.com.br\/site\/extintores-de-incendio-em-santos\/extintores-portateis-em-santos\/#breadcrumb"},"inLanguage":"pt-BR","potentialAction":[{"@type":"ReadAction","target":["https:\/\/www.edextintores.com.br\/site\/extintores-de-incendio-em-santos\/extintores-portateis-em-santos\/"]}]},{"@type":"BreadcrumbList","@id":"https:\/\/www.edextintores.com.br\/site\/extintores-de-incendio-em-santos\/extintores-portateis-em-santos\/#breadcrumb","itemListElement":[{"@type":"ListItem","position":1,"name":"In\u00edcio","item":"https:\/\/www.edextintores.com.br\/site\/"},{"@type":"ListItem","position":2,"name":"Produtos","item":"https:\/\/www.edextintores.com.br\/site\/extintores-de-incendio-em-santos\/"},{"@type":"ListItem","position":3,"name":"Extintores Port\u00e1teis"}]},{"@type":"WebSite","@id":"https:\/\/www.edextintores.com.br\/site\/#website","url":"https:\/\/www.edextintores.com.br\/site\/","name":"E.D. Extintores","description":"Extintores em Santos","potentialAction":[{"@type":"SearchAction","target":{"@type":"EntryPoint","urlTemplate":"https:\/\/www.edextintores.com.br\/site\/?s={search_term_string}"},"query-input":{"@type":"PropertyValueSpecification","valueRequired":true,"valueName":"search_term_string"}}],"inLanguage":"pt-BR"}]}},"_links":{"self":[{"href":"https:\/\/www.edextintores.com.br\/site\/wp-json\/wp\/v2\/pages\/49","targetHints":{"allow":["GET"]}}],"collection":[{"href":"https:\/\/www.edextintores.com.br\/site\/wp-json\/wp\/v2\/pages"}],"about":[{"href":"https:\/\/www.edextintores.com.br\/site\/wp-json\/wp\/v2\/types\/page"}],"author":[{"embeddable":true,"href":"https:\/\/www.edextintores.com.br\/site\/wp-json\/wp\/v2\/users\/3"}],"replies":[{"embeddable":true,"href":"https:\/\/www.edextintores.com.br\/site\/wp-json\/wp\/v2\/comments?post=49"}],"version-history":[{"count":12,"href":"https:\/\/www.edextintores.com.br\/site\/wp-json\/wp\/v2\/pages\/49\/revisions"}],"predecessor-version":[{"id":957,"href":"https:\/\/www.edextintores.com.br\/site\/wp-json\/wp\/v2\/pages\/49\/revisions\/957"}],"up":[{"embeddable":true,"href":"https:\/\/www.edextintores.com.br\/site\/wp-json\/wp\/v2\/pages\/27"}],"wp:attachment":[{"href":"https:\/\/www.edextintores.com.br\/site\/wp-json\/wp\/v2\/media?parent=49"}],"curies":[{"name":"wp","href":"https:\/\/api.w.org\/{rel}","templated":true}]}}