{"id":57,"date":"2017-08-10T11:58:30","date_gmt":"2017-08-10T14:58:30","guid":{"rendered":"http:\/\/www.edextintores.com.br\/site\/?page_id=57"},"modified":"2025-03-17T11:39:57","modified_gmt":"2025-03-17T14:39:57","slug":"caixa-de-hidrante-em-santos","status":"publish","type":"page","link":"https:\/\/www.edextintores.com.br\/site\/extintores-de-incendio-em-santos\/caixa-de-hidrante-em-santos\/","title":{"rendered":"Caixa de Hidrante"},"content":{"rendered":"<p><div class=\"fusion-fullwidth fullwidth-box fusion-builder-row-1 fusion-parallax-none nonhundred-percent-fullwidth non-hundred-percent-height-scrolling\" style=\"background-color: #1d1d1d;background-image: url(&quot;http:\/\/www.edextintores.com.br\/site\/wp-content\/uploads\/2017\/08\/Extintores-em-Santos-Title-BG.jpg&quot;);background-position: center center;background-repeat: no-repeat;padding-top:64px;padding-right:0px;padding-bottom:80px;padding-left:0px;border-width: 0px 0px 0px 0px;border-color:#3e3e3e;border-style:solid;-webkit-background-size:cover;-moz-background-size:cover;-o-background-size:cover;background-size:cover;\" ><div class=\"fusion-builder-row fusion-row\"><div class=\"fusion-layout-column fusion_builder_column fusion-builder-column-0 fusion_builder_column_1_1 1_1 fusion-one-full fusion-column-first fusion-column-last\" style=\"margin-top:0px;margin-bottom:20px;\"><div class=\"fusion-column-wrapper fusion-flex-column-wrapper-legacy\" style=\"background-position:left top;background-repeat:no-repeat;-webkit-background-size:cover;-moz-background-size:cover;-o-background-size:cover;background-size:cover;padding: 0px 0px 0px 0px;\"><div class=\"fusion-text fusion-text-1\"><h1 style=\"text-align: center;\">CAIXA DE HIDRANTE<\/h1>\n<\/div><div class=\"fusion-sep-clear\"><\/div><div class=\"fusion-separator\" style=\"margin-left: auto;margin-right: auto;margin-top:0px;margin-bottom:0px;width:100%;max-width:60px;\"><div class=\"fusion-separator-border sep-single sep-solid\" style=\"border-color:#ed3237;border-top-width:3px;\"><\/div><\/div><div class=\"fusion-sep-clear\"><\/div><div class=\"fusion-clearfix\"><\/div><\/div><\/div><\/div><\/div><div class=\"fusion-fullwidth fullwidth-box fusion-builder-row-2 nonhundred-percent-fullwidth non-hundred-percent-height-scrolling\" style=\"background-color: #2d2d2d;background-position: center center;background-repeat: no-repeat;padding-top:21px;padding-right:0px;padding-bottom:80px;padding-left:0px;border-width: 0px 0px 0px 0px;border-color:#3e3e3e;border-style:solid;\" ><div class=\"fusion-builder-row fusion-row\"><div class=\"fusion-layout-column fusion_builder_column fusion-builder-column-1 fusion_builder_column_1_1 1_1 fusion-one-full fusion-column-first fusion-column-last\" style=\"margin-top:0px;margin-bottom:20px;\"><div class=\"fusion-column-wrapper fusion-flex-column-wrapper-legacy\" style=\"background-position:left top;background-repeat:no-repeat;-webkit-background-size:cover;-moz-background-size:cover;-o-background-size:cover;background-size:cover;padding: 0px 0px 0px 0px;\"><div class=\"fusion-text fusion-text-2\"><h6 style=\"color: #2d2d2d; font-size: 3px;\">Caixa de Hidrante em Santos | E.D. Extintores<\/h6>\n<p><span style=\"color: #2d2d2d; font-size: 3px;\">Caixa de Hidrante em Santos | E.D. Extintores<\/span><\/p>\n<\/div><div class=\"fusion-clearfix\"><\/div><\/div><\/div><div class=\"fusion-layout-column fusion_builder_column fusion-builder-column-2 fusion_builder_column_1_4 1_4 fusion-one-fourth fusion-column-first\" style=\"width:25%;width:calc(25% - ( ( 4% ) * 0.25 ) );margin-right: 4%;margin-top:0px;margin-bottom:20px;\"><div class=\"fusion-column-wrapper fusion-flex-column-wrapper-legacy\" style=\"background-position:left top;background-repeat:no-repeat;-webkit-background-size:cover;-moz-background-size:cover;-o-background-size:cover;background-size:cover;padding: 0px 0px 0px 0px;\"><div class=\"imageframe-align-center\"><span class=\" fusion-imageframe imageframe-none imageframe-1 hover-type-none\"><a href=\"http:\/\/www.edextintores.com.br\/site\/wp-content\/uploads\/2017\/08\/Caixa-de-Hidrante-em-Santos-01.jpg\" class=\"fusion-lightbox\" data-rel=\"iLightbox[galeria]\" data-title=\"Caixa de Hidrante em Santos 01\" title=\"Caixa de Hidrante em Santos 01\"><img decoding=\"async\" width=\"500\" height=\"500\" alt=\"Caixa de Hidrante em Santos\" src=\"http:\/\/www.edextintores.com.br\/site\/wp-content\/uploads\/2017\/08\/Caixa-de-Hidrante-em-Santos-01.jpg\" class=\"img-responsive wp-image-154\" srcset=\"https:\/\/www.edextintores.com.br\/site\/wp-content\/uploads\/2017\/08\/Caixa-de-Hidrante-em-Santos-01-200x200.jpg 200w, https:\/\/www.edextintores.com.br\/site\/wp-content\/uploads\/2017\/08\/Caixa-de-Hidrante-em-Santos-01-400x400.jpg 400w, https:\/\/www.edextintores.com.br\/site\/wp-content\/uploads\/2017\/08\/Caixa-de-Hidrante-em-Santos-01.jpg 500w\" sizes=\"(max-width: 800px) 100vw, 400px\" \/><\/a><\/span><\/div><div class=\"fusion-clearfix\"><\/div><\/div><\/div><div class=\"fusion-layout-column fusion_builder_column fusion-builder-column-3 fusion_builder_column_3_4 3_4 fusion-three-fourth fusion-column-last\" style=\"width:75%;width:calc(75% - ( ( 4% ) * 0.75 ) );margin-top:0px;margin-bottom:20px;\"><div class=\"fusion-column-wrapper fusion-flex-column-wrapper-legacy\" style=\"background-position:left top;background-repeat:no-repeat;-webkit-background-size:cover;-moz-background-size:cover;-o-background-size:cover;background-size:cover;padding: 0px 0px 0px 0px;\"><div class=\"fusion-sep-clear\"><\/div><div class=\"fusion-separator fusion-full-width-sep\" style=\"margin-left: auto;margin-right: auto;margin-top:45px;width:100%;\"><\/div><div class=\"fusion-sep-clear\"><\/div><div class=\"fusion-text fusion-text-3\"><h2>Abrigo para Hidrante 75X45X17cm (Interno e Externo)<\/h2>\n<p style=\"text-align: justify;\">Caixa Abrigo para Hidrante\/ Mangueira de Inc\u00eandio 75 x 45 x 17 cm, fixa\u00e7\u00e3o externa de pendurar ou de embutir. Com cesta para acondicionar mangueira de inc\u00eandio, visor de vidro e inscri\u00e7\u00e3o inc\u00eandio.<\/p>\n<p style=\"text-align: justify;\">&#8211; Material: Chapa de A\u00e7o;<\/p>\n<p style=\"text-align: justify;\">&#8211; Acabamento: Pintura Eletrost\u00e1tica na cor vermelho Corpo de Bombeiros.<\/p>\n<\/div><div class=\"fusion-clearfix\"><\/div><\/div><\/div><div class=\"fusion-layout-column fusion_builder_column fusion-builder-column-4 fusion_builder_column_1_1 1_1 fusion-one-full fusion-column-first fusion-column-last\" style=\"margin-top:0px;margin-bottom:20px;\"><div class=\"fusion-column-wrapper fusion-flex-column-wrapper-legacy\" style=\"background-position:left top;background-repeat:no-repeat;-webkit-background-size:cover;-moz-background-size:cover;-o-background-size:cover;background-size:cover;padding: 0px 0px 0px 0px;\"><div class=\"fusion-sep-clear\"><\/div><div class=\"fusion-separator fusion-full-width-sep\" style=\"margin-left: auto;margin-right: auto;margin-top:79px;margin-bottom:80px;width:100%;\"><div class=\"fusion-separator-border sep-single sep-solid\" style=\"border-color:#ffffff;border-top-width:1px;\"><\/div><\/div><div class=\"fusion-sep-clear\"><\/div><div class=\"fusion-clearfix\"><\/div><\/div><\/div><div class=\"fusion-layout-column fusion_builder_column fusion-builder-column-5 fusion_builder_column_1_4 1_4 fusion-one-fourth fusion-column-first\" style=\"width:25%;width:calc(25% - ( ( 4% ) * 0.25 ) );margin-right: 4%;margin-top:0px;margin-bottom:20px;\"><div class=\"fusion-column-wrapper fusion-flex-column-wrapper-legacy\" style=\"background-position:left top;background-repeat:no-repeat;-webkit-background-size:cover;-moz-background-size:cover;-o-background-size:cover;background-size:cover;padding: 0px 0px 0px 0px;\"><div class=\"imageframe-align-center\"><span class=\" fusion-imageframe imageframe-none imageframe-2 hover-type-none\"><a href=\"http:\/\/www.edextintores.com.br\/site\/wp-content\/uploads\/2017\/08\/Caixa-de-Hidrante-em-Santos-01.jpg\" class=\"fusion-lightbox\" data-rel=\"iLightbox[galeria]\" data-title=\"Caixa de Hidrante em Santos 01\" title=\"Caixa de Hidrante em Santos 01\"><img decoding=\"async\" width=\"500\" height=\"500\" alt=\"Caixa de Hidrante\" src=\"http:\/\/www.edextintores.com.br\/site\/wp-content\/uploads\/2017\/08\/Caixa-de-Hidrante-em-Santos-01.jpg\" class=\"img-responsive wp-image-154\" srcset=\"https:\/\/www.edextintores.com.br\/site\/wp-content\/uploads\/2017\/08\/Caixa-de-Hidrante-em-Santos-01-200x200.jpg 200w, https:\/\/www.edextintores.com.br\/site\/wp-content\/uploads\/2017\/08\/Caixa-de-Hidrante-em-Santos-01-400x400.jpg 400w, https:\/\/www.edextintores.com.br\/site\/wp-content\/uploads\/2017\/08\/Caixa-de-Hidrante-em-Santos-01.jpg 500w\" sizes=\"(max-width: 800px) 100vw, 400px\" \/><\/a><\/span><\/div><div class=\"fusion-clearfix\"><\/div><\/div><\/div><div class=\"fusion-layout-column fusion_builder_column fusion-builder-column-6 fusion_builder_column_3_4 3_4 fusion-three-fourth fusion-column-last\" style=\"width:75%;width:calc(75% - ( ( 4% ) * 0.75 ) );margin-top:0px;margin-bottom:20px;\"><div class=\"fusion-column-wrapper fusion-flex-column-wrapper-legacy\" style=\"background-position:left top;background-repeat:no-repeat;-webkit-background-size:cover;-moz-background-size:cover;-o-background-size:cover;background-size:cover;padding: 0px 0px 0px 0px;\"><div class=\"fusion-sep-clear\"><\/div><div class=\"fusion-separator fusion-full-width-sep\" style=\"margin-left: auto;margin-right: auto;margin-top:45px;width:100%;\"><\/div><div class=\"fusion-sep-clear\"><\/div><div class=\"fusion-text fusion-text-4\"><h2>Abrigo para Hidrante 90x60x17cm (Interno e Externo)<\/h2>\n<p style=\"text-align: justify;\">Caixa Abrigo para Hidrante\/ Mangueira de Inc\u00eandio 90 x 60 x 17 cm, fixa\u00e7\u00e3o externa de pendurar ou de embutir. Com cesta para acondicionar mangueira de inc\u00eandio, visor de vidro e inscri\u00e7\u00e3o inc\u00eandio.<\/p>\n<p style=\"text-align: justify;\">&#8211; Material: Chapa de A\u00e7o;<\/p>\n<p style=\"text-align: justify;\">&#8211; Acabamento: Pintura Eletrost\u00e1tica na cor vermelho Corpo de Bombeiros.<\/p>\n<\/div><div class=\"fusion-clearfix\"><\/div><\/div><\/div><div class=\"fusion-layout-column fusion_builder_column fusion-builder-column-7 fusion_builder_column_1_1 1_1 fusion-one-full fusion-column-first fusion-column-last\" style=\"margin-top:0px;margin-bottom:20px;\"><div class=\"fusion-column-wrapper fusion-flex-column-wrapper-legacy\" style=\"background-position:left top;background-repeat:no-repeat;-webkit-background-size:cover;-moz-background-size:cover;-o-background-size:cover;background-size:cover;padding: 0px 0px 0px 0px;\"><div class=\"fusion-sep-clear\"><\/div><div class=\"fusion-separator fusion-full-width-sep\" style=\"margin-left: auto;margin-right: auto;margin-top:79px;margin-bottom:80px;width:100%;\"><div class=\"fusion-separator-border sep-single sep-solid\" style=\"border-color:#ffffff;border-top-width:1px;\"><\/div><\/div><div class=\"fusion-sep-clear\"><\/div><div class=\"fusion-clearfix\"><\/div><\/div><\/div><div class=\"fusion-layout-column fusion_builder_column fusion-builder-column-8 fusion_builder_column_1_4 1_4 fusion-one-fourth fusion-column-first\" style=\"width:25%;width:calc(25% - ( ( 4% ) * 0.25 ) );margin-right: 4%;margin-top:0px;margin-bottom:20px;\"><div class=\"fusion-column-wrapper fusion-flex-column-wrapper-legacy\" style=\"background-position:left top;background-repeat:no-repeat;-webkit-background-size:cover;-moz-background-size:cover;-o-background-size:cover;background-size:cover;padding: 0px 0px 0px 0px;\"><div class=\"imageframe-align-center\"><span class=\" fusion-imageframe imageframe-none imageframe-3 hover-type-none\"><a href=\"http:\/\/www.edextintores.com.br\/site\/wp-content\/uploads\/2017\/08\/Caixa-de-Hidrante-em-Santos-02.jpg\" class=\"fusion-lightbox\" data-rel=\"iLightbox[galeria]\" data-title=\"Caixa de Hidrante em Santos 02\" title=\"Caixa de Hidrante em Santos 02\"><img decoding=\"async\" width=\"500\" height=\"500\" alt=\"Caixa de Hidrante\" src=\"http:\/\/www.edextintores.com.br\/site\/wp-content\/uploads\/2017\/08\/Caixa-de-Hidrante-em-Santos-02.jpg\" class=\"img-responsive wp-image-155\" srcset=\"https:\/\/www.edextintores.com.br\/site\/wp-content\/uploads\/2017\/08\/Caixa-de-Hidrante-em-Santos-02-200x200.jpg 200w, https:\/\/www.edextintores.com.br\/site\/wp-content\/uploads\/2017\/08\/Caixa-de-Hidrante-em-Santos-02-400x400.jpg 400w, https:\/\/www.edextintores.com.br\/site\/wp-content\/uploads\/2017\/08\/Caixa-de-Hidrante-em-Santos-02.jpg 500w\" sizes=\"(max-width: 800px) 100vw, 400px\" \/><\/a><\/span><\/div><div class=\"fusion-clearfix\"><\/div><\/div><\/div><div class=\"fusion-layout-column fusion_builder_column fusion-builder-column-9 fusion_builder_column_3_4 3_4 fusion-three-fourth fusion-column-last\" style=\"width:75%;width:calc(75% - ( ( 4% ) * 0.75 ) );margin-top:0px;margin-bottom:20px;\"><div class=\"fusion-column-wrapper fusion-flex-column-wrapper-legacy\" style=\"background-position:left top;background-repeat:no-repeat;-webkit-background-size:cover;-moz-background-size:cover;-o-background-size:cover;background-size:cover;padding: 0px 0px 0px 0px;\"><div class=\"fusion-sep-clear\"><\/div><div class=\"fusion-separator fusion-full-width-sep\" style=\"margin-left: auto;margin-right: auto;margin-top:45px;width:100%;\"><\/div><div class=\"fusion-sep-clear\"><\/div><div class=\"fusion-text fusion-text-5\"><h2>Abrigo para Hidrante 120X90X17cm (Interno e Externo)<\/h2>\n<p style=\"text-align: justify;\">Caixa Abrigo para Hidrante\/ Mangueira de Inc\u00eandio 120 x 90 x 17 cm, fixa\u00e7\u00e3o externa de pendurar ou de embutir. Com cesta para acondicionar mangueira de inc\u00eandio, visor de vidro e inscri\u00e7\u00e3o inc\u00eandio. <\/p>\n<p style=\"text-align: justify;\">&#8211; Material: Chapa de A\u00e7o; <\/p>\n<p style=\"text-align: justify;\">&#8211; Acabamento: Pintura Eletrost\u00e1tica na cor vermelho Corpo de Bombeiros.<\/p>\n<\/div><div class=\"fusion-clearfix\"><\/div><\/div><\/div><\/div><\/div><\/p>\n","protected":false},"excerpt":{"rendered":"","protected":false},"author":3,"featured_media":0,"parent":27,"menu_order":0,"comment_status":"closed","ping_status":"closed","template":"100-width.php","meta":{"footnotes":""},"class_list":["post-57","page","type-page","status-publish","hentry"],"yoast_head":"<!-- This site is optimized with the Yoast SEO plugin v27.5 - https:\/\/yoast.com\/product\/yoast-seo-wordpress\/ -->\n<title>Caixa de Hidrante em Santos | E.D. Extintores<\/title>\n<meta name=\"description\" content=\"Caixa de Hidrante em Santos \u00e9 na E.D. Extintores! Fornecemos produtos e servi\u00e7os de qualidade na \u00e1rea de combate a inc\u00eandio. Venha conferir!\" \/>\n<meta name=\"robots\" content=\"index, follow, max-snippet:-1, max-image-preview:large, max-video-preview:-1\" \/>\n<link rel=\"canonical\" href=\"https:\/\/www.edextintores.com.br\/site\/extintores-de-incendio-em-santos\/caixa-de-hidrante-em-santos\/\" \/>\n<meta property=\"og:locale\" content=\"pt_BR\" \/>\n<meta property=\"og:type\" content=\"article\" \/>\n<meta property=\"og:title\" content=\"Caixa de Hidrante em Santos | E.D. Extintores\" \/>\n<meta property=\"og:description\" content=\"Caixa de Hidrante em Santos \u00e9 na E.D. Extintores! Fornecemos produtos e servi\u00e7os de qualidade na \u00e1rea de combate a inc\u00eandio. Venha conferir!\" \/>\n<meta property=\"og:url\" content=\"https:\/\/www.edextintores.com.br\/site\/extintores-de-incendio-em-santos\/caixa-de-hidrante-em-santos\/\" \/>\n<meta property=\"og:site_name\" content=\"E.D. Extintores\" \/>\n<meta property=\"article:modified_time\" content=\"2025-03-17T14:39:57+00:00\" \/>\n<meta name=\"twitter:card\" content=\"summary_large_image\" \/>\n<meta name=\"twitter:label1\" content=\"Est. tempo de leitura\" \/>\n\t<meta name=\"twitter:data1\" content=\"4 minutos\" \/>\n<script type=\"application\/ld+json\" class=\"yoast-schema-graph\">{\"@context\":\"https:\\\/\\\/schema.org\",\"@graph\":[{\"@type\":\"WebPage\",\"@id\":\"https:\\\/\\\/www.edextintores.com.br\\\/site\\\/extintores-de-incendio-em-santos\\\/caixa-de-hidrante-em-santos\\\/\",\"url\":\"https:\\\/\\\/www.edextintores.com.br\\\/site\\\/extintores-de-incendio-em-santos\\\/caixa-de-hidrante-em-santos\\\/\",\"name\":\"Caixa de Hidrante em Santos | E.D. Extintores\",\"isPartOf\":{\"@id\":\"https:\\\/\\\/www.edextintores.com.br\\\/site\\\/#website\"},\"datePublished\":\"2017-08-10T14:58:30+00:00\",\"dateModified\":\"2025-03-17T14:39:57+00:00\",\"description\":\"Caixa de Hidrante em Santos \u00e9 na E.D. Extintores! Fornecemos produtos e servi\u00e7os de qualidade na \u00e1rea de combate a inc\u00eandio. Venha conferir!\",\"breadcrumb\":{\"@id\":\"https:\\\/\\\/www.edextintores.com.br\\\/site\\\/extintores-de-incendio-em-santos\\\/caixa-de-hidrante-em-santos\\\/#breadcrumb\"},\"inLanguage\":\"pt-BR\",\"potentialAction\":[{\"@type\":\"ReadAction\",\"target\":[\"https:\\\/\\\/www.edextintores.com.br\\\/site\\\/extintores-de-incendio-em-santos\\\/caixa-de-hidrante-em-santos\\\/\"]}]},{\"@type\":\"BreadcrumbList\",\"@id\":\"https:\\\/\\\/www.edextintores.com.br\\\/site\\\/extintores-de-incendio-em-santos\\\/caixa-de-hidrante-em-santos\\\/#breadcrumb\",\"itemListElement\":[{\"@type\":\"ListItem\",\"position\":1,\"name\":\"In\u00edcio\",\"item\":\"https:\\\/\\\/www.edextintores.com.br\\\/site\\\/\"},{\"@type\":\"ListItem\",\"position\":2,\"name\":\"Produtos\",\"item\":\"https:\\\/\\\/www.edextintores.com.br\\\/site\\\/extintores-de-incendio-em-santos\\\/\"},{\"@type\":\"ListItem\",\"position\":3,\"name\":\"Caixa de Hidrante\"}]},{\"@type\":\"WebSite\",\"@id\":\"https:\\\/\\\/www.edextintores.com.br\\\/site\\\/#website\",\"url\":\"https:\\\/\\\/www.edextintores.com.br\\\/site\\\/\",\"name\":\"E.D. Extintores\",\"description\":\"Extintores em Santos\",\"potentialAction\":[{\"@type\":\"SearchAction\",\"target\":{\"@type\":\"EntryPoint\",\"urlTemplate\":\"https:\\\/\\\/www.edextintores.com.br\\\/site\\\/?s={search_term_string}\"},\"query-input\":{\"@type\":\"PropertyValueSpecification\",\"valueRequired\":true,\"valueName\":\"search_term_string\"}}],\"inLanguage\":\"pt-BR\"}]}<\/script>\n<!-- \/ Yoast SEO plugin. -->","yoast_head_json":{"title":"Caixa de Hidrante em Santos | E.D. Extintores","description":"Caixa de Hidrante em Santos \u00e9 na E.D. Extintores! Fornecemos produtos e servi\u00e7os de qualidade na \u00e1rea de combate a inc\u00eandio. Venha conferir!","robots":{"index":"index","follow":"follow","max-snippet":"max-snippet:-1","max-image-preview":"max-image-preview:large","max-video-preview":"max-video-preview:-1"},"canonical":"https:\/\/www.edextintores.com.br\/site\/extintores-de-incendio-em-santos\/caixa-de-hidrante-em-santos\/","og_locale":"pt_BR","og_type":"article","og_title":"Caixa de Hidrante em Santos | E.D. Extintores","og_description":"Caixa de Hidrante em Santos \u00e9 na E.D. Extintores! Fornecemos produtos e servi\u00e7os de qualidade na \u00e1rea de combate a inc\u00eandio. Venha conferir!","og_url":"https:\/\/www.edextintores.com.br\/site\/extintores-de-incendio-em-santos\/caixa-de-hidrante-em-santos\/","og_site_name":"E.D. Extintores","article_modified_time":"2025-03-17T14:39:57+00:00","twitter_card":"summary_large_image","twitter_misc":{"Est. tempo de leitura":"4 minutos"},"schema":{"@context":"https:\/\/schema.org","@graph":[{"@type":"WebPage","@id":"https:\/\/www.edextintores.com.br\/site\/extintores-de-incendio-em-santos\/caixa-de-hidrante-em-santos\/","url":"https:\/\/www.edextintores.com.br\/site\/extintores-de-incendio-em-santos\/caixa-de-hidrante-em-santos\/","name":"Caixa de Hidrante em Santos | E.D. Extintores","isPartOf":{"@id":"https:\/\/www.edextintores.com.br\/site\/#website"},"datePublished":"2017-08-10T14:58:30+00:00","dateModified":"2025-03-17T14:39:57+00:00","description":"Caixa de Hidrante em Santos \u00e9 na E.D. Extintores! Fornecemos produtos e servi\u00e7os de qualidade na \u00e1rea de combate a inc\u00eandio. Venha conferir!","breadcrumb":{"@id":"https:\/\/www.edextintores.com.br\/site\/extintores-de-incendio-em-santos\/caixa-de-hidrante-em-santos\/#breadcrumb"},"inLanguage":"pt-BR","potentialAction":[{"@type":"ReadAction","target":["https:\/\/www.edextintores.com.br\/site\/extintores-de-incendio-em-santos\/caixa-de-hidrante-em-santos\/"]}]},{"@type":"BreadcrumbList","@id":"https:\/\/www.edextintores.com.br\/site\/extintores-de-incendio-em-santos\/caixa-de-hidrante-em-santos\/#breadcrumb","itemListElement":[{"@type":"ListItem","position":1,"name":"In\u00edcio","item":"https:\/\/www.edextintores.com.br\/site\/"},{"@type":"ListItem","position":2,"name":"Produtos","item":"https:\/\/www.edextintores.com.br\/site\/extintores-de-incendio-em-santos\/"},{"@type":"ListItem","position":3,"name":"Caixa de Hidrante"}]},{"@type":"WebSite","@id":"https:\/\/www.edextintores.com.br\/site\/#website","url":"https:\/\/www.edextintores.com.br\/site\/","name":"E.D. Extintores","description":"Extintores em Santos","potentialAction":[{"@type":"SearchAction","target":{"@type":"EntryPoint","urlTemplate":"https:\/\/www.edextintores.com.br\/site\/?s={search_term_string}"},"query-input":{"@type":"PropertyValueSpecification","valueRequired":true,"valueName":"search_term_string"}}],"inLanguage":"pt-BR"}]}},"_links":{"self":[{"href":"https:\/\/www.edextintores.com.br\/site\/wp-json\/wp\/v2\/pages\/57","targetHints":{"allow":["GET"]}}],"collection":[{"href":"https:\/\/www.edextintores.com.br\/site\/wp-json\/wp\/v2\/pages"}],"about":[{"href":"https:\/\/www.edextintores.com.br\/site\/wp-json\/wp\/v2\/types\/page"}],"author":[{"embeddable":true,"href":"https:\/\/www.edextintores.com.br\/site\/wp-json\/wp\/v2\/users\/3"}],"replies":[{"embeddable":true,"href":"https:\/\/www.edextintores.com.br\/site\/wp-json\/wp\/v2\/comments?post=57"}],"version-history":[{"count":5,"href":"https:\/\/www.edextintores.com.br\/site\/wp-json\/wp\/v2\/pages\/57\/revisions"}],"predecessor-version":[{"id":955,"href":"https:\/\/www.edextintores.com.br\/site\/wp-json\/wp\/v2\/pages\/57\/revisions\/955"}],"up":[{"embeddable":true,"href":"https:\/\/www.edextintores.com.br\/site\/wp-json\/wp\/v2\/pages\/27"}],"wp:attachment":[{"href":"https:\/\/www.edextintores.com.br\/site\/wp-json\/wp\/v2\/media?parent=57"}],"curies":[{"name":"wp","href":"https:\/\/api.w.org\/{rel}","templated":true}]}}