{"id":61,"date":"2017-08-10T12:00:07","date_gmt":"2017-08-10T15:00:07","guid":{"rendered":"http:\/\/www.edextintores.com.br\/site\/?page_id=61"},"modified":"2025-03-17T11:50:21","modified_gmt":"2025-03-17T14:50:21","slug":"iluminacao-de-emergencia-em-santos","status":"publish","type":"page","link":"https:\/\/www.edextintores.com.br\/site\/extintores-de-incendio-em-santos\/iluminacao-de-emergencia-em-santos\/","title":{"rendered":"Ilumina\u00e7\u00e3o de Emerg\u00eancia"},"content":{"rendered":"<p><div  class=\"fusion-fullwidth fullwidth-box fusion-parallax-none nonhundred-percent-fullwidth\"  style='background-color: #1d1d1d;background-image: url(\"http:\/\/www.edextintores.com.br\/site\/wp-content\/uploads\/2017\/08\/Extintores-em-Santos-Title-BG.jpg\");background-position: center center;background-repeat: no-repeat;padding-top:64px;padding-bottom:80px;-webkit-background-size:cover;-moz-background-size:cover;-o-background-size:cover;background-size:cover;background-attachment:none;'><div class=\"fusion-builder-row fusion-row \"><div  class=\"fusion-layout-column fusion_builder_column fusion_builder_column_1_1  fusion-one-full fusion-column-first fusion-column-last 1_1\"  style='margin-top:0px;margin-bottom:20px;'>\n\t\t\t\t\t<div class=\"fusion-column-wrapper\" style=\"background-position:left top;background-repeat:no-repeat;-webkit-background-size:cover;-moz-background-size:cover;-o-background-size:cover;background-size:cover;\"  data-bg-url=\"\">\n\t\t\t\t\t\t<h1 style=\"text-align: center;\">ILUMINA\u00c7\u00c3O DE EMERG\u00caNCIA<\/h1>\n<div class=\"fusion-sep-clear\"><\/div><div class=\"fusion-separator sep-single sep-solid\" style=\"border-color:#ed3237;border-top-width:3px;margin-left: auto;margin-right: auto;margin-top:0px;margin-bottom:0px;width:100%;max-width:60px;\"><\/div><div class=\"fusion-clearfix\"><\/div>\n\n\t\t\t\t\t<\/div>\n\t\t\t\t<\/div><\/div><\/div><div  class=\"fusion-fullwidth fullwidth-box nonhundred-percent-fullwidth\"  style='background-color: #2d2d2d;background-position: center center;background-repeat: no-repeat;padding-top:21px;padding-bottom:80px;'><div class=\"fusion-builder-row fusion-row \"><div  class=\"fusion-layout-column fusion_builder_column fusion_builder_column_1_1  fusion-one-full fusion-column-first fusion-column-last 1_1\"  style='margin-top:0px;margin-bottom:20px;'>\n\t\t\t\t\t<div class=\"fusion-column-wrapper\" style=\"background-position:left top;background-repeat:no-repeat;-webkit-background-size:cover;-moz-background-size:cover;-o-background-size:cover;background-size:cover;\"  data-bg-url=\"\">\n\t\t\t\t\t\t<h6 style=\"color: #2d2d2d; font-size: 3px;\">Ilumina\u00e7\u00e3o de Emerg\u00eancia em Santos | E.D. Extintores<\/h6>\n<p><span style=\"color: #2d2d2d; font-size: 3px;\">Ilumina\u00e7\u00e3o de Emerg\u00eancia em Santos | E.D. Extintores<\/span><\/p>\n<div class=\"fusion-clearfix\"><\/div>\n\n\t\t\t\t\t<\/div>\n\t\t\t\t<\/div><div  class=\"fusion-layout-column fusion_builder_column fusion_builder_column_1_4  fusion-one-fourth fusion-column-first 1_4\"  style='margin-top:0px;margin-bottom:20px;width:25%;width:calc(25% - ( ( 4% ) * 0.25 ) );margin-right: 4%;'>\n\t\t\t\t\t<div class=\"fusion-column-wrapper\" style=\"background-position:left top;background-repeat:no-repeat;-webkit-background-size:cover;-moz-background-size:cover;-o-background-size:cover;background-size:cover;\"  data-bg-url=\"\">\n\t\t\t\t\t\t<div class=\"imageframe-align-center\"><span class=\"fusion-imageframe imageframe-none imageframe-1 hover-type-none\"><a href=\"http:\/\/www.edextintores.com.br\/site\/wp-content\/uploads\/2017\/08\/Iluminacao-de-Emergencia-em-Santos-Luminaria-de-emergencia-autonoma-LEA-30-1.jpg\" class=\"fusion-lightbox\" data-rel=\"iLightbox[galeria]\"><img decoding=\"async\" src=\"http:\/\/www.edextintores.com.br\/site\/wp-content\/uploads\/2017\/08\/Iluminacao-de-Emergencia-em-Santos-Luminaria-de-emergencia-autonoma-LEA-30-1.jpg\" width=\"\" height=\"\" alt=\"Ilumina\u00e7\u00e3o de Emerg\u00eancia\" class=\"img-responsive\"\/><\/a><\/span><\/div><div class=\"fusion-clearfix\"><\/div>\n\n\t\t\t\t\t<\/div>\n\t\t\t\t<\/div><div  class=\"fusion-layout-column fusion_builder_column fusion_builder_column_3_4  fusion-three-fourth fusion-column-last 3_4\"  style='margin-top:0px;margin-bottom:20px;width:75%;width:calc(75% - ( ( 4% ) * 0.75 ) );'>\n\t\t\t\t\t<div class=\"fusion-column-wrapper\" style=\"background-position:left top;background-repeat:no-repeat;-webkit-background-size:cover;-moz-background-size:cover;-o-background-size:cover;background-size:cover;\"  data-bg-url=\"\">\n\t\t\t\t\t\t<h2>LEA 30 &#8211; Lumin\u00e1ria de Emerg\u00eancia Aut\u00f4noma<\/h2>\n<p style=\"text-align: justify;\">A Lumin\u00e1ria de emerg\u00eancia LEA 30 \u00e9 fabricada com tecnologia de Led, que proporciona ilumina\u00e7\u00e3o de alto desempenho com baixo consumo de energia, baixa emiss\u00e3o de calor e alta durabilidade. Com design moderno e discreto, \u00e9 f\u00e1cil de Instalar e operar, e acende automaticamente na falta de energia el\u00e9trica, proporcionando seguran\u00e7a e conforto.<\/p>\n<p style=\"text-align: justify;\">&#8211; Ideal para ambientes de at\u00e9 30 m2<br \/>\n&#8211; Autonomia de at\u00e9 6 horas<br \/>\n&#8211; Bateria de lit\u00edo<br \/>\n&#8211; Bot\u00e3o de teste<br \/>\n&#8211; Chave seletora<br \/>\n&#8211; Sistema antifurto<br \/>\n&#8211; Kit completo para instala\u00e7\u00e3o<\/p>\n<p style=\"text-align: justify;\"><strong>Especifica\u00e7\u00f5es T\u00e9cnicas <\/strong><br \/>\nAplica\u00e7\u00e3o: Ambiente Interno<br \/>\nAutonomia: 6 horas (fluxo min\u00edmo) \/ 3 horas (fluxo m\u00e1ximo)<br \/>\nFluxo luminoso: 55 lumens (fluxo min\u00edmo) \/ 100 lumens (fluxo m\u00e1ximo)<br \/>\nBateria de ion-litio: 37 Vdc 1 Ah<br \/>\nTempo de carga: 24 h 220V \/ 48h 127V<br \/>\nTens\u00e3o de Alimenta\u00e7\u00e3o: 100 a 240 Vac 50\/60 Hz<br \/>\nDimens\u00f5es da embalagem (L x A x P): 160 x 41 x 25,6 mm<br \/>\nPeso: 94 g<\/p>\n<div class=\"fusion-clearfix\"><\/div>\n\n\t\t\t\t\t<\/div>\n\t\t\t\t<\/div><\/div><\/div><\/p>\n","protected":false},"excerpt":{"rendered":"","protected":false},"author":3,"featured_media":0,"parent":27,"menu_order":0,"comment_status":"closed","ping_status":"closed","template":"100-width.php","meta":{"footnotes":""},"class_list":["post-61","page","type-page","status-publish","hentry"],"yoast_head":"<!-- This site is optimized with the Yoast SEO plugin v26.5 - https:\/\/yoast.com\/wordpress\/plugins\/seo\/ -->\n<title>Ilumina\u00e7\u00e3o de Emerg\u00eancia em Santos | E.D. Extintores<\/title>\n<meta name=\"description\" content=\"Ilumina\u00e7\u00e3o de Emerg\u00eancia em Santos \u00e9 na E.D. Extintores! Fornecemos produtos e servi\u00e7os de qualidade na \u00e1rea de combate a inc\u00eandio. Venha conferir!\" \/>\n<meta name=\"robots\" content=\"index, follow, max-snippet:-1, max-image-preview:large, max-video-preview:-1\" \/>\n<link rel=\"canonical\" href=\"https:\/\/www.edextintores.com.br\/site\/extintores-de-incendio-em-santos\/iluminacao-de-emergencia-em-santos\/\" \/>\n<meta property=\"og:locale\" content=\"pt_BR\" \/>\n<meta property=\"og:type\" content=\"article\" \/>\n<meta property=\"og:title\" content=\"Ilumina\u00e7\u00e3o de Emerg\u00eancia em Santos | E.D. Extintores\" \/>\n<meta property=\"og:description\" content=\"Ilumina\u00e7\u00e3o de Emerg\u00eancia em Santos \u00e9 na E.D. Extintores! Fornecemos produtos e servi\u00e7os de qualidade na \u00e1rea de combate a inc\u00eandio. Venha conferir!\" \/>\n<meta property=\"og:url\" content=\"https:\/\/www.edextintores.com.br\/site\/extintores-de-incendio-em-santos\/iluminacao-de-emergencia-em-santos\/\" \/>\n<meta property=\"og:site_name\" content=\"E.D. Extintores\" \/>\n<meta property=\"article:modified_time\" content=\"2025-03-17T14:50:21+00:00\" \/>\n<meta name=\"twitter:card\" content=\"summary_large_image\" \/>\n<meta name=\"twitter:label1\" content=\"Est. tempo de leitura\" \/>\n\t<meta name=\"twitter:data1\" content=\"3 minutos\" \/>\n<script type=\"application\/ld+json\" class=\"yoast-schema-graph\">{\"@context\":\"https:\/\/schema.org\",\"@graph\":[{\"@type\":\"WebPage\",\"@id\":\"https:\/\/www.edextintores.com.br\/site\/extintores-de-incendio-em-santos\/iluminacao-de-emergencia-em-santos\/\",\"url\":\"https:\/\/www.edextintores.com.br\/site\/extintores-de-incendio-em-santos\/iluminacao-de-emergencia-em-santos\/\",\"name\":\"Ilumina\u00e7\u00e3o de Emerg\u00eancia em Santos | E.D. Extintores\",\"isPartOf\":{\"@id\":\"https:\/\/www.edextintores.com.br\/site\/#website\"},\"datePublished\":\"2017-08-10T15:00:07+00:00\",\"dateModified\":\"2025-03-17T14:50:21+00:00\",\"description\":\"Ilumina\u00e7\u00e3o de Emerg\u00eancia em Santos \u00e9 na E.D. Extintores! Fornecemos produtos e servi\u00e7os de qualidade na \u00e1rea de combate a inc\u00eandio. Venha conferir!\",\"breadcrumb\":{\"@id\":\"https:\/\/www.edextintores.com.br\/site\/extintores-de-incendio-em-santos\/iluminacao-de-emergencia-em-santos\/#breadcrumb\"},\"inLanguage\":\"pt-BR\",\"potentialAction\":[{\"@type\":\"ReadAction\",\"target\":[\"https:\/\/www.edextintores.com.br\/site\/extintores-de-incendio-em-santos\/iluminacao-de-emergencia-em-santos\/\"]}]},{\"@type\":\"BreadcrumbList\",\"@id\":\"https:\/\/www.edextintores.com.br\/site\/extintores-de-incendio-em-santos\/iluminacao-de-emergencia-em-santos\/#breadcrumb\",\"itemListElement\":[{\"@type\":\"ListItem\",\"position\":1,\"name\":\"In\u00edcio\",\"item\":\"https:\/\/www.edextintores.com.br\/site\/\"},{\"@type\":\"ListItem\",\"position\":2,\"name\":\"Produtos\",\"item\":\"https:\/\/www.edextintores.com.br\/site\/extintores-de-incendio-em-santos\/\"},{\"@type\":\"ListItem\",\"position\":3,\"name\":\"Ilumina\u00e7\u00e3o de Emerg\u00eancia\"}]},{\"@type\":\"WebSite\",\"@id\":\"https:\/\/www.edextintores.com.br\/site\/#website\",\"url\":\"https:\/\/www.edextintores.com.br\/site\/\",\"name\":\"E.D. Extintores\",\"description\":\"Extintores em Santos\",\"potentialAction\":[{\"@type\":\"SearchAction\",\"target\":{\"@type\":\"EntryPoint\",\"urlTemplate\":\"https:\/\/www.edextintores.com.br\/site\/?s={search_term_string}\"},\"query-input\":{\"@type\":\"PropertyValueSpecification\",\"valueRequired\":true,\"valueName\":\"search_term_string\"}}],\"inLanguage\":\"pt-BR\"}]}<\/script>\n<!-- \/ Yoast SEO plugin. -->","yoast_head_json":{"title":"Ilumina\u00e7\u00e3o de Emerg\u00eancia em Santos | E.D. Extintores","description":"Ilumina\u00e7\u00e3o de Emerg\u00eancia em Santos \u00e9 na E.D. Extintores! Fornecemos produtos e servi\u00e7os de qualidade na \u00e1rea de combate a inc\u00eandio. Venha conferir!","robots":{"index":"index","follow":"follow","max-snippet":"max-snippet:-1","max-image-preview":"max-image-preview:large","max-video-preview":"max-video-preview:-1"},"canonical":"https:\/\/www.edextintores.com.br\/site\/extintores-de-incendio-em-santos\/iluminacao-de-emergencia-em-santos\/","og_locale":"pt_BR","og_type":"article","og_title":"Ilumina\u00e7\u00e3o de Emerg\u00eancia em Santos | E.D. Extintores","og_description":"Ilumina\u00e7\u00e3o de Emerg\u00eancia em Santos \u00e9 na E.D. Extintores! Fornecemos produtos e servi\u00e7os de qualidade na \u00e1rea de combate a inc\u00eandio. Venha conferir!","og_url":"https:\/\/www.edextintores.com.br\/site\/extintores-de-incendio-em-santos\/iluminacao-de-emergencia-em-santos\/","og_site_name":"E.D. Extintores","article_modified_time":"2025-03-17T14:50:21+00:00","twitter_card":"summary_large_image","twitter_misc":{"Est. tempo de leitura":"3 minutos"},"schema":{"@context":"https:\/\/schema.org","@graph":[{"@type":"WebPage","@id":"https:\/\/www.edextintores.com.br\/site\/extintores-de-incendio-em-santos\/iluminacao-de-emergencia-em-santos\/","url":"https:\/\/www.edextintores.com.br\/site\/extintores-de-incendio-em-santos\/iluminacao-de-emergencia-em-santos\/","name":"Ilumina\u00e7\u00e3o de Emerg\u00eancia em Santos | E.D. Extintores","isPartOf":{"@id":"https:\/\/www.edextintores.com.br\/site\/#website"},"datePublished":"2017-08-10T15:00:07+00:00","dateModified":"2025-03-17T14:50:21+00:00","description":"Ilumina\u00e7\u00e3o de Emerg\u00eancia em Santos \u00e9 na E.D. Extintores! Fornecemos produtos e servi\u00e7os de qualidade na \u00e1rea de combate a inc\u00eandio. Venha conferir!","breadcrumb":{"@id":"https:\/\/www.edextintores.com.br\/site\/extintores-de-incendio-em-santos\/iluminacao-de-emergencia-em-santos\/#breadcrumb"},"inLanguage":"pt-BR","potentialAction":[{"@type":"ReadAction","target":["https:\/\/www.edextintores.com.br\/site\/extintores-de-incendio-em-santos\/iluminacao-de-emergencia-em-santos\/"]}]},{"@type":"BreadcrumbList","@id":"https:\/\/www.edextintores.com.br\/site\/extintores-de-incendio-em-santos\/iluminacao-de-emergencia-em-santos\/#breadcrumb","itemListElement":[{"@type":"ListItem","position":1,"name":"In\u00edcio","item":"https:\/\/www.edextintores.com.br\/site\/"},{"@type":"ListItem","position":2,"name":"Produtos","item":"https:\/\/www.edextintores.com.br\/site\/extintores-de-incendio-em-santos\/"},{"@type":"ListItem","position":3,"name":"Ilumina\u00e7\u00e3o de Emerg\u00eancia"}]},{"@type":"WebSite","@id":"https:\/\/www.edextintores.com.br\/site\/#website","url":"https:\/\/www.edextintores.com.br\/site\/","name":"E.D. Extintores","description":"Extintores em Santos","potentialAction":[{"@type":"SearchAction","target":{"@type":"EntryPoint","urlTemplate":"https:\/\/www.edextintores.com.br\/site\/?s={search_term_string}"},"query-input":{"@type":"PropertyValueSpecification","valueRequired":true,"valueName":"search_term_string"}}],"inLanguage":"pt-BR"}]}},"_links":{"self":[{"href":"https:\/\/www.edextintores.com.br\/site\/wp-json\/wp\/v2\/pages\/61","targetHints":{"allow":["GET"]}}],"collection":[{"href":"https:\/\/www.edextintores.com.br\/site\/wp-json\/wp\/v2\/pages"}],"about":[{"href":"https:\/\/www.edextintores.com.br\/site\/wp-json\/wp\/v2\/types\/page"}],"author":[{"embeddable":true,"href":"https:\/\/www.edextintores.com.br\/site\/wp-json\/wp\/v2\/users\/3"}],"replies":[{"embeddable":true,"href":"https:\/\/www.edextintores.com.br\/site\/wp-json\/wp\/v2\/comments?post=61"}],"version-history":[{"count":10,"href":"https:\/\/www.edextintores.com.br\/site\/wp-json\/wp\/v2\/pages\/61\/revisions"}],"predecessor-version":[{"id":959,"href":"https:\/\/www.edextintores.com.br\/site\/wp-json\/wp\/v2\/pages\/61\/revisions\/959"}],"up":[{"embeddable":true,"href":"https:\/\/www.edextintores.com.br\/site\/wp-json\/wp\/v2\/pages\/27"}],"wp:attachment":[{"href":"https:\/\/www.edextintores.com.br\/site\/wp-json\/wp\/v2\/media?parent=61"}],"curies":[{"name":"wp","href":"https:\/\/api.w.org\/{rel}","templated":true}]}}