{"id":631,"date":"2022-09-19T13:42:32","date_gmt":"2022-09-19T16:42:32","guid":{"rendered":"http:\/\/www.edextintores.com.br\/site\/?page_id=631"},"modified":"2025-03-17T13:37:43","modified_gmt":"2025-03-17T16:37:43","slug":"inspecao-de-extintores-de-incendio-em-santos-sao-vicente-guaruja-bertioga-cubatao-praia-grande","status":"publish","type":"page","link":"https:\/\/www.edextintores.com.br\/site\/combate-a-incendio-em-santos\/inspecao-de-extintores-de-incendio-em-santos-sao-vicente-guaruja-bertioga-cubatao-praia-grande\/","title":{"rendered":"Inspe\u00e7\u00e3o de Extintores"},"content":{"rendered":"<p><div  class=\"fusion-fullwidth fullwidth-box fusion-parallax-none nonhundred-percent-fullwidth\"  style='background-color: #1d1d1d;background-image: url(\"http:\/\/www.edextintores.com.br\/site\/wp-content\/uploads\/2017\/08\/Extintores-em-Santos-Title-BG.jpg\");background-position: center center;background-repeat: no-repeat;padding-top:64px;padding-bottom:80px;-webkit-background-size:cover;-moz-background-size:cover;-o-background-size:cover;background-size:cover;background-attachment:none;'><div class=\"fusion-builder-row fusion-row \"><div  class=\"fusion-layout-column fusion_builder_column fusion_builder_column_1_1  fusion-one-full fusion-column-first fusion-column-last 1_1\"  style='margin-top:0px;margin-bottom:20px;'>\n\t\t\t\t\t<div class=\"fusion-column-wrapper\" style=\"background-position:left top;background-repeat:no-repeat;-webkit-background-size:cover;-moz-background-size:cover;-o-background-size:cover;background-size:cover;\"  data-bg-url=\"\">\n\t\t\t\t\t\t<h1 style=\"text-align: center; text-transform: uppercase;\">Inspe\u00e7\u00e3o de Extintores<\/h1>\n<div class=\"fusion-sep-clear\"><\/div><div class=\"fusion-separator sep-single sep-solid\" style=\"border-color:#ed3237;border-top-width:3px;margin-left: auto;margin-right: auto;margin-top:0px;margin-bottom:0px;width:100%;max-width:60px;\"><\/div><div class=\"fusion-clearfix\"><\/div>\n\n\t\t\t\t\t<\/div>\n\t\t\t\t<\/div><\/div><\/div><div  class=\"fusion-fullwidth fullwidth-box nonhundred-percent-fullwidth\"  style='background-color: #2d2d2d;background-position: center center;background-repeat: no-repeat;padding-top:21px;padding-bottom:80px;'><div class=\"fusion-builder-row fusion-row \"><div  class=\"fusion-layout-column fusion_builder_column fusion_builder_column_1_1  fusion-one-full fusion-column-first fusion-column-last 1_1\"  style='margin-top:0px;margin-bottom:20px;'>\n\t\t\t\t\t<div class=\"fusion-column-wrapper\" style=\"background-position:left top;background-repeat:no-repeat;-webkit-background-size:cover;-moz-background-size:cover;-o-background-size:cover;background-size:cover;\"  data-bg-url=\"\">\n\t\t\t\t\t\t<h6 style=\"color: #2d2d2d; font-size: 3px;\">Inspe\u00e7\u00e3o de Extintores de Inc\u00eandio em Santos | S\u00e3o Vicente | Guaruj\u00e1 | Bertioga | Cubat\u00e3o | Praia Grande | E.D. Extintores<\/h6>\n<p><span style=\"color: #2d2d2d; font-size: 3px;\">Inspe\u00e7\u00e3o de Extintores de Inc\u00eandio em Santos | S\u00e3o Vicente | Guaruj\u00e1 | Bertioga | Cubat\u00e3o | Praia Grande | E.D. Extintores<\/span><\/p>\n<div class=\"fusion-clearfix\"><\/div>\n\n\t\t\t\t\t<\/div>\n\t\t\t\t<\/div><div  class=\"fusion-layout-column fusion_builder_column fusion_builder_column_1_4  fusion-one-fourth fusion-column-first 1_4\"  style='margin-top:0px;margin-bottom:20px;width:25%;width:calc(25% - ( ( 4% ) * 0.25 ) );margin-right: 4%;'>\n\t\t\t\t\t<div class=\"fusion-column-wrapper\" style=\"background-position:left top;background-repeat:no-repeat;-webkit-background-size:cover;-moz-background-size:cover;-o-background-size:cover;background-size:cover;\"  data-bg-url=\"\">\n\t\t\t\t\t\t<p><img loading=\"lazy\" decoding=\"async\" width=\"500\" height=\"500\" class=\"alignnone size-full wp-image-637\" src=\"http:\/\/www.edextintores.com.br\/site\/wp-content\/uploads\/2022\/09\/Inspecao-de-Extintores-de-Incendio-em-Santos.jpg\" alt=\"Inspe\u00e7\u00e3o de Extintores de Inc\u00eandio em Santos | S\u00e3o Vicente | Guaruj\u00e1 | Bertioga | Cubat\u00e3o | Praia Grande | ED Extintores\" srcset=\"https:\/\/www.edextintores.com.br\/site\/wp-content\/uploads\/2022\/09\/Inspecao-de-Extintores-de-Incendio-em-Santos-66x66.jpg 66w, https:\/\/www.edextintores.com.br\/site\/wp-content\/uploads\/2022\/09\/Inspecao-de-Extintores-de-Incendio-em-Santos-150x150.jpg 150w, https:\/\/www.edextintores.com.br\/site\/wp-content\/uploads\/2022\/09\/Inspecao-de-Extintores-de-Incendio-em-Santos-200x200.jpg 200w, https:\/\/www.edextintores.com.br\/site\/wp-content\/uploads\/2022\/09\/Inspecao-de-Extintores-de-Incendio-em-Santos-300x300.jpg 300w, https:\/\/www.edextintores.com.br\/site\/wp-content\/uploads\/2022\/09\/Inspecao-de-Extintores-de-Incendio-em-Santos-400x400.jpg 400w, https:\/\/www.edextintores.com.br\/site\/wp-content\/uploads\/2022\/09\/Inspecao-de-Extintores-de-Incendio-em-Santos.jpg 500w\" sizes=\"auto, (max-width: 500px) 100vw, 500px\" \/><\/p>\n<div class=\"fusion-clearfix\"><\/div>\n\n\t\t\t\t\t<\/div>\n\t\t\t\t<\/div><div  class=\"fusion-layout-column fusion_builder_column fusion_builder_column_3_4  fusion-three-fourth fusion-column-last 3_4\"  style='margin-top:0px;margin-bottom:20px;width:75%;width:calc(75% - ( ( 4% ) * 0.75 ) );'>\n\t\t\t\t\t<div class=\"fusion-column-wrapper\" style=\"background-position:left top;background-repeat:no-repeat;-webkit-background-size:cover;-moz-background-size:cover;-o-background-size:cover;background-size:cover;\"  data-bg-url=\"\">\n\t\t\t\t\t\t<p style=\"text-align: justify;\">A recarga do extintor de inc\u00eandio deve ser realizada anualmente ou imediatamente ap\u00f3s o uso, quando o ponteiro do indicador de press\u00e3o estiver na faixa de opera\u00e7\u00e3o vermelha (perda de press\u00e3o) ou quando os lacres de garantia forem violados.<\/p>\n<p style=\"text-align: justify;\">Teste hidrost\u00e1tico devem ser realizados em todos os extintores de inc\u00eandio no prazo m\u00e1ximo de 5 anos de sua fabrica\u00e7\u00e3o ou da \u00faltima vistoria realizada, ou quando apresentarem danos t\u00e9rmicos, mec\u00e2nicos ou corros\u00e3o.<\/p>\n<p style=\"text-align: justify;\">O teste hidrost\u00e1tico compreende: tratamento da chapa, teste de press\u00e3o e pintura do equipamento.<\/p>\n<p style=\"text-align: justify;\">Entre os modelos de extintores de inc\u00eandio, podemos destacar: Extintor de Inc\u00eandio de \u00c1gua Pressurizada; Extintor de Inc\u00eandio de P\u00f3 Qu\u00edmico Seco &#8220;BC&#8221;; Extintor de Inc\u00eandio de Di\u00f3xido De Carbono (CO2), Extintor de Inc\u00eandio de P\u00f3 Qu\u00edmico seco &#8220;ABC&#8221; e Extintor de Inc\u00eandio Espuma Mec\u00e2nica.<\/p>\n<div class=\"fusion-clearfix\"><\/div>\n\n\t\t\t\t\t<\/div>\n\t\t\t\t<\/div><\/div><\/div><\/p>\n","protected":false},"excerpt":{"rendered":"","protected":false},"author":3,"featured_media":0,"parent":25,"menu_order":0,"comment_status":"closed","ping_status":"closed","template":"100-width.php","meta":{"footnotes":""},"class_list":["post-631","page","type-page","status-publish","hentry"],"yoast_head":"<!-- This site is optimized with the Yoast SEO plugin v26.5 - https:\/\/yoast.com\/wordpress\/plugins\/seo\/ -->\n<title>Inspe\u00e7\u00e3o de Extintores de Inc\u00eandio em Santos | S\u00e3o Vicente | Guaruj\u00e1 | Bertioga | Cubat\u00e3o | Praia Grande | E.D. Extintores<\/title>\n<meta name=\"description\" content=\"Inspe\u00e7\u00e3o de Extintores de Inc\u00eandio em Santos \u00e9 na E.D. Extintores! Fornecemos produtos e servi\u00e7os de qualidade na \u00e1rea de combate a inc\u00eandio.\" \/>\n<meta name=\"robots\" content=\"index, follow, max-snippet:-1, max-image-preview:large, max-video-preview:-1\" \/>\n<link rel=\"canonical\" href=\"https:\/\/www.edextintores.com.br\/site\/combate-a-incendio-em-santos\/inspecao-de-extintores-de-incendio-em-santos-sao-vicente-guaruja-bertioga-cubatao-praia-grande\/\" \/>\n<meta property=\"og:locale\" content=\"pt_BR\" \/>\n<meta property=\"og:type\" content=\"article\" \/>\n<meta property=\"og:title\" content=\"Inspe\u00e7\u00e3o de Extintores de Inc\u00eandio em Santos | S\u00e3o Vicente | Guaruj\u00e1 | Bertioga | Cubat\u00e3o | Praia Grande | E.D. Extintores\" \/>\n<meta property=\"og:description\" content=\"Inspe\u00e7\u00e3o de Extintores de Inc\u00eandio em Santos \u00e9 na E.D. Extintores! Fornecemos produtos e servi\u00e7os de qualidade na \u00e1rea de combate a inc\u00eandio.\" \/>\n<meta property=\"og:url\" content=\"https:\/\/www.edextintores.com.br\/site\/combate-a-incendio-em-santos\/inspecao-de-extintores-de-incendio-em-santos-sao-vicente-guaruja-bertioga-cubatao-praia-grande\/\" \/>\n<meta property=\"og:site_name\" content=\"E.D. Extintores\" \/>\n<meta property=\"article:modified_time\" content=\"2025-03-17T16:37:43+00:00\" \/>\n<meta property=\"og:image\" content=\"http:\/\/www.edextintores.com.br\/site\/wp-content\/uploads\/2022\/09\/Inspecao-de-Extintores-de-Incendio-em-Santos.jpg\" \/>\n<meta name=\"twitter:card\" content=\"summary_large_image\" \/>\n<meta name=\"twitter:label1\" content=\"Est. tempo de leitura\" \/>\n\t<meta name=\"twitter:data1\" content=\"3 minutos\" \/>\n<script type=\"application\/ld+json\" class=\"yoast-schema-graph\">{\"@context\":\"https:\/\/schema.org\",\"@graph\":[{\"@type\":\"WebPage\",\"@id\":\"https:\/\/www.edextintores.com.br\/site\/combate-a-incendio-em-santos\/inspecao-de-extintores-de-incendio-em-santos-sao-vicente-guaruja-bertioga-cubatao-praia-grande\/\",\"url\":\"https:\/\/www.edextintores.com.br\/site\/combate-a-incendio-em-santos\/inspecao-de-extintores-de-incendio-em-santos-sao-vicente-guaruja-bertioga-cubatao-praia-grande\/\",\"name\":\"Inspe\u00e7\u00e3o de Extintores de Inc\u00eandio em Santos | S\u00e3o Vicente | Guaruj\u00e1 | Bertioga | Cubat\u00e3o | Praia Grande | E.D. Extintores\",\"isPartOf\":{\"@id\":\"https:\/\/www.edextintores.com.br\/site\/#website\"},\"primaryImageOfPage\":{\"@id\":\"https:\/\/www.edextintores.com.br\/site\/combate-a-incendio-em-santos\/inspecao-de-extintores-de-incendio-em-santos-sao-vicente-guaruja-bertioga-cubatao-praia-grande\/#primaryimage\"},\"image\":{\"@id\":\"https:\/\/www.edextintores.com.br\/site\/combate-a-incendio-em-santos\/inspecao-de-extintores-de-incendio-em-santos-sao-vicente-guaruja-bertioga-cubatao-praia-grande\/#primaryimage\"},\"thumbnailUrl\":\"http:\/\/www.edextintores.com.br\/site\/wp-content\/uploads\/2022\/09\/Inspecao-de-Extintores-de-Incendio-em-Santos.jpg\",\"datePublished\":\"2022-09-19T16:42:32+00:00\",\"dateModified\":\"2025-03-17T16:37:43+00:00\",\"description\":\"Inspe\u00e7\u00e3o de Extintores de Inc\u00eandio em Santos \u00e9 na E.D. Extintores! Fornecemos produtos e servi\u00e7os de qualidade na \u00e1rea de combate a inc\u00eandio.\",\"breadcrumb\":{\"@id\":\"https:\/\/www.edextintores.com.br\/site\/combate-a-incendio-em-santos\/inspecao-de-extintores-de-incendio-em-santos-sao-vicente-guaruja-bertioga-cubatao-praia-grande\/#breadcrumb\"},\"inLanguage\":\"pt-BR\",\"potentialAction\":[{\"@type\":\"ReadAction\",\"target\":[\"https:\/\/www.edextintores.com.br\/site\/combate-a-incendio-em-santos\/inspecao-de-extintores-de-incendio-em-santos-sao-vicente-guaruja-bertioga-cubatao-praia-grande\/\"]}]},{\"@type\":\"ImageObject\",\"inLanguage\":\"pt-BR\",\"@id\":\"https:\/\/www.edextintores.com.br\/site\/combate-a-incendio-em-santos\/inspecao-de-extintores-de-incendio-em-santos-sao-vicente-guaruja-bertioga-cubatao-praia-grande\/#primaryimage\",\"url\":\"http:\/\/www.edextintores.com.br\/site\/wp-content\/uploads\/2022\/09\/Inspecao-de-Extintores-de-Incendio-em-Santos.jpg\",\"contentUrl\":\"http:\/\/www.edextintores.com.br\/site\/wp-content\/uploads\/2022\/09\/Inspecao-de-Extintores-de-Incendio-em-Santos.jpg\"},{\"@type\":\"BreadcrumbList\",\"@id\":\"https:\/\/www.edextintores.com.br\/site\/combate-a-incendio-em-santos\/inspecao-de-extintores-de-incendio-em-santos-sao-vicente-guaruja-bertioga-cubatao-praia-grande\/#breadcrumb\",\"itemListElement\":[{\"@type\":\"ListItem\",\"position\":1,\"name\":\"In\u00edcio\",\"item\":\"https:\/\/www.edextintores.com.br\/site\/\"},{\"@type\":\"ListItem\",\"position\":2,\"name\":\"Servi\u00e7os\",\"item\":\"https:\/\/www.edextintores.com.br\/site\/combate-a-incendio-em-santos\/\"},{\"@type\":\"ListItem\",\"position\":3,\"name\":\"Inspe\u00e7\u00e3o de Extintores\"}]},{\"@type\":\"WebSite\",\"@id\":\"https:\/\/www.edextintores.com.br\/site\/#website\",\"url\":\"https:\/\/www.edextintores.com.br\/site\/\",\"name\":\"E.D. Extintores\",\"description\":\"Extintores em Santos\",\"potentialAction\":[{\"@type\":\"SearchAction\",\"target\":{\"@type\":\"EntryPoint\",\"urlTemplate\":\"https:\/\/www.edextintores.com.br\/site\/?s={search_term_string}\"},\"query-input\":{\"@type\":\"PropertyValueSpecification\",\"valueRequired\":true,\"valueName\":\"search_term_string\"}}],\"inLanguage\":\"pt-BR\"}]}<\/script>\n<!-- \/ Yoast SEO plugin. -->","yoast_head_json":{"title":"Inspe\u00e7\u00e3o de Extintores de Inc\u00eandio em Santos | S\u00e3o Vicente | Guaruj\u00e1 | Bertioga | Cubat\u00e3o | Praia Grande | E.D. Extintores","description":"Inspe\u00e7\u00e3o de Extintores de Inc\u00eandio em Santos \u00e9 na E.D. Extintores! Fornecemos produtos e servi\u00e7os de qualidade na \u00e1rea de combate a inc\u00eandio.","robots":{"index":"index","follow":"follow","max-snippet":"max-snippet:-1","max-image-preview":"max-image-preview:large","max-video-preview":"max-video-preview:-1"},"canonical":"https:\/\/www.edextintores.com.br\/site\/combate-a-incendio-em-santos\/inspecao-de-extintores-de-incendio-em-santos-sao-vicente-guaruja-bertioga-cubatao-praia-grande\/","og_locale":"pt_BR","og_type":"article","og_title":"Inspe\u00e7\u00e3o de Extintores de Inc\u00eandio em Santos | S\u00e3o Vicente | Guaruj\u00e1 | Bertioga | Cubat\u00e3o | Praia Grande | E.D. Extintores","og_description":"Inspe\u00e7\u00e3o de Extintores de Inc\u00eandio em Santos \u00e9 na E.D. Extintores! Fornecemos produtos e servi\u00e7os de qualidade na \u00e1rea de combate a inc\u00eandio.","og_url":"https:\/\/www.edextintores.com.br\/site\/combate-a-incendio-em-santos\/inspecao-de-extintores-de-incendio-em-santos-sao-vicente-guaruja-bertioga-cubatao-praia-grande\/","og_site_name":"E.D. Extintores","article_modified_time":"2025-03-17T16:37:43+00:00","og_image":[{"url":"http:\/\/www.edextintores.com.br\/site\/wp-content\/uploads\/2022\/09\/Inspecao-de-Extintores-de-Incendio-em-Santos.jpg","type":"","width":"","height":""}],"twitter_card":"summary_large_image","twitter_misc":{"Est. tempo de leitura":"3 minutos"},"schema":{"@context":"https:\/\/schema.org","@graph":[{"@type":"WebPage","@id":"https:\/\/www.edextintores.com.br\/site\/combate-a-incendio-em-santos\/inspecao-de-extintores-de-incendio-em-santos-sao-vicente-guaruja-bertioga-cubatao-praia-grande\/","url":"https:\/\/www.edextintores.com.br\/site\/combate-a-incendio-em-santos\/inspecao-de-extintores-de-incendio-em-santos-sao-vicente-guaruja-bertioga-cubatao-praia-grande\/","name":"Inspe\u00e7\u00e3o de Extintores de Inc\u00eandio em Santos | S\u00e3o Vicente | Guaruj\u00e1 | Bertioga | Cubat\u00e3o | Praia Grande | E.D. Extintores","isPartOf":{"@id":"https:\/\/www.edextintores.com.br\/site\/#website"},"primaryImageOfPage":{"@id":"https:\/\/www.edextintores.com.br\/site\/combate-a-incendio-em-santos\/inspecao-de-extintores-de-incendio-em-santos-sao-vicente-guaruja-bertioga-cubatao-praia-grande\/#primaryimage"},"image":{"@id":"https:\/\/www.edextintores.com.br\/site\/combate-a-incendio-em-santos\/inspecao-de-extintores-de-incendio-em-santos-sao-vicente-guaruja-bertioga-cubatao-praia-grande\/#primaryimage"},"thumbnailUrl":"http:\/\/www.edextintores.com.br\/site\/wp-content\/uploads\/2022\/09\/Inspecao-de-Extintores-de-Incendio-em-Santos.jpg","datePublished":"2022-09-19T16:42:32+00:00","dateModified":"2025-03-17T16:37:43+00:00","description":"Inspe\u00e7\u00e3o de Extintores de Inc\u00eandio em Santos \u00e9 na E.D. Extintores! Fornecemos produtos e servi\u00e7os de qualidade na \u00e1rea de combate a inc\u00eandio.","breadcrumb":{"@id":"https:\/\/www.edextintores.com.br\/site\/combate-a-incendio-em-santos\/inspecao-de-extintores-de-incendio-em-santos-sao-vicente-guaruja-bertioga-cubatao-praia-grande\/#breadcrumb"},"inLanguage":"pt-BR","potentialAction":[{"@type":"ReadAction","target":["https:\/\/www.edextintores.com.br\/site\/combate-a-incendio-em-santos\/inspecao-de-extintores-de-incendio-em-santos-sao-vicente-guaruja-bertioga-cubatao-praia-grande\/"]}]},{"@type":"ImageObject","inLanguage":"pt-BR","@id":"https:\/\/www.edextintores.com.br\/site\/combate-a-incendio-em-santos\/inspecao-de-extintores-de-incendio-em-santos-sao-vicente-guaruja-bertioga-cubatao-praia-grande\/#primaryimage","url":"http:\/\/www.edextintores.com.br\/site\/wp-content\/uploads\/2022\/09\/Inspecao-de-Extintores-de-Incendio-em-Santos.jpg","contentUrl":"http:\/\/www.edextintores.com.br\/site\/wp-content\/uploads\/2022\/09\/Inspecao-de-Extintores-de-Incendio-em-Santos.jpg"},{"@type":"BreadcrumbList","@id":"https:\/\/www.edextintores.com.br\/site\/combate-a-incendio-em-santos\/inspecao-de-extintores-de-incendio-em-santos-sao-vicente-guaruja-bertioga-cubatao-praia-grande\/#breadcrumb","itemListElement":[{"@type":"ListItem","position":1,"name":"In\u00edcio","item":"https:\/\/www.edextintores.com.br\/site\/"},{"@type":"ListItem","position":2,"name":"Servi\u00e7os","item":"https:\/\/www.edextintores.com.br\/site\/combate-a-incendio-em-santos\/"},{"@type":"ListItem","position":3,"name":"Inspe\u00e7\u00e3o de Extintores"}]},{"@type":"WebSite","@id":"https:\/\/www.edextintores.com.br\/site\/#website","url":"https:\/\/www.edextintores.com.br\/site\/","name":"E.D. Extintores","description":"Extintores em Santos","potentialAction":[{"@type":"SearchAction","target":{"@type":"EntryPoint","urlTemplate":"https:\/\/www.edextintores.com.br\/site\/?s={search_term_string}"},"query-input":{"@type":"PropertyValueSpecification","valueRequired":true,"valueName":"search_term_string"}}],"inLanguage":"pt-BR"}]}},"_links":{"self":[{"href":"https:\/\/www.edextintores.com.br\/site\/wp-json\/wp\/v2\/pages\/631","targetHints":{"allow":["GET"]}}],"collection":[{"href":"https:\/\/www.edextintores.com.br\/site\/wp-json\/wp\/v2\/pages"}],"about":[{"href":"https:\/\/www.edextintores.com.br\/site\/wp-json\/wp\/v2\/types\/page"}],"author":[{"embeddable":true,"href":"https:\/\/www.edextintores.com.br\/site\/wp-json\/wp\/v2\/users\/3"}],"replies":[{"embeddable":true,"href":"https:\/\/www.edextintores.com.br\/site\/wp-json\/wp\/v2\/comments?post=631"}],"version-history":[{"count":7,"href":"https:\/\/www.edextintores.com.br\/site\/wp-json\/wp\/v2\/pages\/631\/revisions"}],"predecessor-version":[{"id":972,"href":"https:\/\/www.edextintores.com.br\/site\/wp-json\/wp\/v2\/pages\/631\/revisions\/972"}],"up":[{"embeddable":true,"href":"https:\/\/www.edextintores.com.br\/site\/wp-json\/wp\/v2\/pages\/25"}],"wp:attachment":[{"href":"https:\/\/www.edextintores.com.br\/site\/wp-json\/wp\/v2\/media?parent=631"}],"curies":[{"name":"wp","href":"https:\/\/api.w.org\/{rel}","templated":true}]}}